{"id":196226,"date":"2025-03-23T12:08:32","date_gmt":"2025-03-23T12:08:32","guid":{"rendered":"https:\/\/aromasentia.com\/product\/leather-pentagon-skull-with-burns-detail-notebook-18x13-cm\/"},"modified":"2025-06-22T02:52:44","modified_gmt":"2025-06-22T02:52:44","slug":"notesbog-i-laeder-med-pentagon-og-kranium-med-forbraendingsdetaljer-18x13-cm","status":"publish","type":"product","link":"https:\/\/aromasentia.com\/da\/notesbog-i-laeder-med-pentagon-og-kranium-med-forbraendingsdetaljer-18x13-cm\/","title":{"rendered":"Notesbog I L\u00e6der med Pentagon Og Kranium med Forbr\u00e6ndingsdetaljer (18X13 cm)"},"content":{"rendered":"<p><span style=\"color: rgb(75, 80, 88);\"><strong>H\u00e5ndlavet &nbsp;<\/strong><\/span><strong><span style=\"color: rgb(75, 80, 88);\">L\u00e6der Pentagon &#038; Kranie med Forbr\u00e6ndingsdetaljer&nbsp;<\/span><span style=\"color: rgb(75, 80, 88);\">Notesbog (18&#215;13 cm)<\/span>&nbsp;<\/strong><span style=\"color: rgb(75, 80, 88);\"><strong>med L\u00e6deromslag<\/strong>, lukket med sp\u00e6nde. Smukke dekorationer p\u00e5 omslaget tilf\u00f8jer charme og giver hver notesbog sin egen unikke stil.&nbsp;<\/span><\/p>\n<p><span style=\"color: rgb(75, 80, 88);\">Produktet kan bruges som notesbog, dagbog eller skitseblok. Den er nem at b\u00e6re, du kan tage den med i din taske, n\u00e5r du rejser eller er p\u00e5 forretningsrejse. Den kan bruges som dagbog, og du kan til enhver tid nedskrive dine id\u00e9er.<\/span><\/p>\n<p><span style=\"color: rgb(75, 80, 88);\">Den perfekte gave til enhver lejlighed. Den vil gl\u00e6de alle, der kan lide at rejse, skrive eller tegne skitser.<\/span><\/p>\n<p><span style=\"color: rgb(75, 80, 88);\"><strong>St\u00f8rrelse p\u00e5 notesbogen:<\/strong><\/span> Bredde: 13 cm, H\u00f8jde 17,5 cm<\/p>\n<p>Notesbog med 160 sider<\/p>\n","protected":false},"excerpt":{"rendered":"<p>H\u00e5ndlavet &nbsp;L\u00e6der Pentagon &#038; Kranie med Forbr\u00e6ndingsdetaljer&nbsp;Notesbog (18&#215;13 cm)&nbsp;med L\u00e6deromslag, lukket med sp\u00e6nde. Smukke dekorationer p\u00e5 omslaget tilf\u00f8jer charme og giver hver notesbog sin egen unikke stil.&nbsp; Produktet kan bruges som notesbog, dagbog eller skitseblok. Den er nem at b\u00e6re, du kan tage den med i din taske, n\u00e5r du rejser eller er p\u00e5 forretningsrejse. [&hellip;]<\/p>\n","protected":false},"featured_media":438148,"comment_status":"closed","ping_status":"open","template":"","meta":[],"product_brand":[],"product_cat":[5576,5571],"product_tag":[],"class_list":{"0":"post-196226","1":"product","2":"type-product","3":"status-publish","4":"has-post-thumbnail","6":"product_cat-notesboger","7":"product_cat-vintagegaver-og-souvenirs","8":"pa_collection-leather-notebooks-diaries-da","9":"pa_made-in-indien","11":"first","12":"instock","13":"purchasable","14":"product-type-simple"},"supplier_id":null,"supplier_sku":"LBN-06","barcode":null,"atum_controlled":true,"out_stock_date":null,"out_stock_threshold":null,"inheritable":false,"inbound_stock":null,"stock_on_hold":0,"sold_today":0,"sales_last_days":0,"reserved_stock":null,"customer_returns":null,"warehouse_damage":null,"lost_in_post":null,"other_logs":null,"out_stock_days":0,"lost_sales":0,"has_location":null,"update_date":"2026-02-02T11:20:43","atum_locations":[],"atum_stock_status":"instock","restock_status":false,"low_stock_amount":"","sales_update_date":"2026-01-30T01:24:31","calc_backorders":null,"_links":{"self":[{"href":"https:\/\/aromasentia.com\/da\/wp-json\/wp\/v2\/product\/196226","targetHints":{"allow":["GET"]}}],"collection":[{"href":"https:\/\/aromasentia.com\/da\/wp-json\/wp\/v2\/product"}],"about":[{"href":"https:\/\/aromasentia.com\/da\/wp-json\/wp\/v2\/types\/product"}],"replies":[{"embeddable":true,"href":"https:\/\/aromasentia.com\/da\/wp-json\/wp\/v2\/comments?post=196226"}],"version-history":[{"count":0,"href":"https:\/\/aromasentia.com\/da\/wp-json\/wp\/v2\/product\/196226\/revisions"}],"wp:featuredmedia":[{"embeddable":true,"href":"https:\/\/aromasentia.com\/da\/wp-json\/wp\/v2\/media\/438148"}],"wp:attachment":[{"href":"https:\/\/aromasentia.com\/da\/wp-json\/wp\/v2\/media?parent=196226"}],"wp:term":[{"taxonomy":"product_brand","embeddable":true,"href":"https:\/\/aromasentia.com\/da\/wp-json\/wp\/v2\/product_brand?post=196226"},{"taxonomy":"product_cat","embeddable":true,"href":"https:\/\/aromasentia.com\/da\/wp-json\/wp\/v2\/product_cat?post=196226"},{"taxonomy":"product_tag","embeddable":true,"href":"https:\/\/aromasentia.com\/da\/wp-json\/wp\/v2\/product_tag?post=196226"}],"curies":[{"name":"wp","href":"https:\/\/api.w.org\/{rel}","templated":true}]}}