{"id":196225,"date":"2025-03-23T12:10:29","date_gmt":"2025-03-23T12:10:29","guid":{"rendered":"https:\/\/aromasentia.com\/product\/rolled-leather-travel-notebook-96-pages-black-21x15cm\/"},"modified":"2025-06-22T02:52:43","modified_gmt":"2025-06-22T02:52:43","slug":"rejsenotesbog-i-rullet-laeder-96-sider-sort-21x15cm","status":"publish","type":"product","link":"https:\/\/aromasentia.com\/da\/rejsenotesbog-i-rullet-laeder-96-sider-sort-21x15cm\/","title":{"rendered":"Rejsenotesbog I Rullet L\u00e6der &#8211; 96 Sider &#8211; Sort 21X15cm"},"content":{"rendered":"<p><span style=\"color: rgb(75, 80, 88);\"><strong>Vi pr\u00e6senterer vores rejsenotesbog i rullet l\u00e6der, en elegant og alsidig ledsager, der m\u00e5ler hele 21&#215;15 cm og har 96 sider i premiumkvalitet.<\/strong><\/span><\/p>\n<p><span style=\"color: rgb(75, 80, 88);\">Denne notesbog er fremstillet med pr\u00e6cision og kombinerer praktisk anvendelighed med et strejf af sofistikering. Den er indkapslet i et elegant sort l\u00e6deromslag og udstr\u00e5ler en underspillet elegance, hvilket g\u00f8r den til en tidl\u00f8s klassiker til dine daglige behov.<\/span><\/p>\n<p><span style=\"color: rgb(75, 80, 88);\">Denne notesbog er designet til dem, der altid er p\u00e5 farten, og er perfekt egnet til rejsende, forretningsfolk og alle, der har brug for en p\u00e5lidelig notesblok. Dens kompakte st\u00f8rrelse g\u00f8r, at den nemt passer i din taske, hvilket sikrer, at du har en p\u00e5lidelig plads til at skrive tanker, ideer og skitser ned, n\u00e5r inspirationen melder sig.<\/span><\/p>\n<p><span style=\"color: rgb(75, 80, 88);\">Uanset om den er til at skrive dagbog, tage noter eller blot f\u00f8re dagbog, er denne rejsenotesbog din betroede ledsager. Dens 96 sider giver rigelig plads til dine kreative udtryk og registrering.<\/span><\/p>\n<p><span style=\"color: rgb(75, 80, 88);\"><strong>Denne alsidige notesbog er en ideel gave, der er egnet til forskellige lejligheder.<\/strong> Dets slanke sorte design appellerer til b\u00e5de m\u00e6nd og kvinder, hvilket g\u00f8r den til en bet\u00e6nksom gave til dem, der v\u00e6rds\u00e6tter skrivekunsten.<\/span><\/p>\n<p><span style=\"color: rgb(75, 80, 88);\"><strong>Opdag den perfekte blanding af funktionalitet og elegance med vores rullede l\u00e6derrejsenotesbog &#8211; en uundv\u00e6rlig tilf\u00f8jelse til din hverdag, klar til at nedf\u00e6lde dine tanker med stil.<\/strong><\/span><\/p>\n","protected":false},"excerpt":{"rendered":"<p>Vi pr\u00e6senterer vores rejsenotesbog i rullet l\u00e6der, en elegant og alsidig ledsager, der m\u00e5ler hele 21&#215;15 cm og har 96 sider i premiumkvalitet. Denne notesbog er fremstillet med pr\u00e6cision og kombinerer praktisk anvendelighed med et strejf af sofistikering. Den er indkapslet i et elegant sort l\u00e6deromslag og udstr\u00e5ler en underspillet elegance, hvilket g\u00f8r den til [&hellip;]<\/p>\n","protected":false},"featured_media":439020,"comment_status":"closed","ping_status":"open","template":"","meta":{"_angie_page":false},"product_brand":[],"product_cat":[5576,5571],"product_tag":[],"class_list":{"0":"post-196225","1":"product","2":"type-product","3":"status-publish","4":"has-post-thumbnail","6":"product_cat-notesboger","7":"product_cat-vintagegaver-og-souvenirs","8":"pa_collection-leather-notebooks-diaries-da","9":"pa_made-in-indien","11":"first","12":"instock","13":"purchasable","14":"product-type-simple"},"supplier_id":null,"supplier_sku":"LBN-33","barcode":null,"atum_controlled":true,"out_stock_date":null,"out_stock_threshold":null,"inheritable":false,"inbound_stock":null,"stock_on_hold":0,"sold_today":0,"sales_last_days":0,"reserved_stock":null,"customer_returns":null,"warehouse_damage":null,"lost_in_post":null,"other_logs":null,"out_stock_days":0,"lost_sales":0,"has_location":null,"update_date":"2026-04-27T07:10:42","atum_locations":[],"atum_stock_status":"instock","restock_status":false,"low_stock_amount":"","sales_update_date":"2026-02-06T00:00:49","calc_backorders":null,"_links":{"self":[{"href":"https:\/\/aromasentia.com\/da\/wp-json\/wp\/v2\/product\/196225","targetHints":{"allow":["GET"]}}],"collection":[{"href":"https:\/\/aromasentia.com\/da\/wp-json\/wp\/v2\/product"}],"about":[{"href":"https:\/\/aromasentia.com\/da\/wp-json\/wp\/v2\/types\/product"}],"replies":[{"embeddable":true,"href":"https:\/\/aromasentia.com\/da\/wp-json\/wp\/v2\/comments?post=196225"}],"version-history":[{"count":0,"href":"https:\/\/aromasentia.com\/da\/wp-json\/wp\/v2\/product\/196225\/revisions"}],"wp:featuredmedia":[{"embeddable":true,"href":"https:\/\/aromasentia.com\/da\/wp-json\/wp\/v2\/media\/439020"}],"wp:attachment":[{"href":"https:\/\/aromasentia.com\/da\/wp-json\/wp\/v2\/media?parent=196225"}],"wp:term":[{"taxonomy":"product_brand","embeddable":true,"href":"https:\/\/aromasentia.com\/da\/wp-json\/wp\/v2\/product_brand?post=196225"},{"taxonomy":"product_cat","embeddable":true,"href":"https:\/\/aromasentia.com\/da\/wp-json\/wp\/v2\/product_cat?post=196225"},{"taxonomy":"product_tag","embeddable":true,"href":"https:\/\/aromasentia.com\/da\/wp-json\/wp\/v2\/product_tag?post=196225"}],"curies":[{"name":"wp","href":"https:\/\/api.w.org\/{rel}","templated":true}]}}