{"id":196224,"date":"2025-03-23T12:10:29","date_gmt":"2025-03-23T12:10:29","guid":{"rendered":"https:\/\/aromasentia.com\/product\/rolled-leather-travel-notebook-96-pages-green-21x15cm\/"},"modified":"2025-06-22T02:52:43","modified_gmt":"2025-06-22T02:52:43","slug":"rejsenotesbog-i-rullet-laeder-96-sider-groen-21x15cm","status":"publish","type":"product","link":"https:\/\/aromasentia.com\/da\/rejsenotesbog-i-rullet-laeder-96-sider-groen-21x15cm\/","title":{"rendered":"Rejsenotesbog I Rullet L\u00e6der &#8211; 96 Sider &#8211; Gr\u00f8n 21X15cm"},"content":{"rendered":"<p><span style=\"color: rgb(75, 80, 88);\">Vi pr\u00e6senterer vores <strong>rejsenotesbog i rullet l\u00e6der i en flot gr\u00f8n nuance, der er rummelig i st\u00f8rrelsen 21&#215;15 cm og fyldt med 96 sider med muligheder.<\/strong><\/span><\/p>\n<p><span style=\"color: rgb(75, 80, 88);\">Denne rejsenotesbog er fremstillet med sans for detaljer og kombinerer stil og anvendelighed p\u00e5 en problemfri m\u00e5de. Dens slanke l\u00e6deromslag giver den et elegant touch, hvilket ikke kun g\u00f8r den til en funktionel skriveledsager, men ogs\u00e5 et blikfang.<\/span><\/p>\n<p><span style=\"color: rgb(75, 80, 88);\">Designet til dem p\u00e5 farten, passer denne notesbog med sin kompakte st\u00f8rrelse perfekt i din taske, hvilket g\u00f8r den til en p\u00e5lidelig rejseledsager til at skrive noter, dokumentere din rejse eller blot nedf\u00e6lde dine tanker p\u00e5 farten.<\/span><\/p>\n<p><span style=\"color: rgb(75, 80, 88);\">Med 96 sider til din r\u00e5dighed er der masser af plads til kreativitet. Uanset om du bruger den som en dagbog, skitseblok eller til hverdagsnotater, er denne rejsenotesbog dit l\u00e6rred til udtryk.<\/span><\/p>\n<p><span style=\"color: rgb(75, 80, 88);\">Det er den perfekte gave til enhver lejlighed, velegnet til b\u00e5de m\u00e6nd og kvinder, der s\u00e6tter pris p\u00e5 blandingen af form og funktion. Dens tidl\u00f8se appel og klassiske gr\u00f8nne nuance g\u00f8r den til et alsidigt valg for alle.<\/span><\/p>\n<p><span style=\"color: rgb(75, 80, 88);\"><strong>Giv din skriveoplevelse et l\u00f8ft med den rullede l\u00e6derrejsenotesbog &#8211; hvor stil m\u00f8der substans i en kompakt pakke p\u00e5 21&#215;15 cm, klar til at ledsage dig p\u00e5 dine eventyr.<\/strong><\/span><\/p>\n","protected":false},"excerpt":{"rendered":"<p>Vi pr\u00e6senterer vores rejsenotesbog i rullet l\u00e6der i en flot gr\u00f8n nuance, der er rummelig i st\u00f8rrelsen 21&#215;15 cm og fyldt med 96 sider med muligheder. Denne rejsenotesbog er fremstillet med sans for detaljer og kombinerer stil og anvendelighed p\u00e5 en problemfri m\u00e5de. Dens slanke l\u00e6deromslag giver den et elegant touch, hvilket ikke kun g\u00f8r [&hellip;]<\/p>\n","protected":false},"featured_media":438995,"comment_status":"closed","ping_status":"open","template":"","meta":{"_angie_page":false},"product_brand":[],"product_cat":[5576,5571],"product_tag":[],"class_list":{"0":"post-196224","1":"product","2":"type-product","3":"status-publish","4":"has-post-thumbnail","6":"product_cat-notesboger","7":"product_cat-vintagegaver-og-souvenirs","8":"pa_collection-leather-notebooks-diaries-da","9":"pa_made-in-indien","11":"first","12":"instock","13":"purchasable","14":"product-type-simple"},"supplier_id":null,"supplier_sku":"LBN-32","barcode":null,"atum_controlled":true,"out_stock_date":null,"out_stock_threshold":null,"inheritable":false,"inbound_stock":null,"stock_on_hold":0,"sold_today":0,"sales_last_days":0,"reserved_stock":null,"customer_returns":null,"warehouse_damage":null,"lost_in_post":null,"other_logs":null,"out_stock_days":0,"lost_sales":0,"has_location":null,"update_date":"2026-04-27T07:10:42","atum_locations":[],"atum_stock_status":"instock","restock_status":false,"low_stock_amount":"","sales_update_date":"2026-01-30T01:26:08","calc_backorders":null,"_links":{"self":[{"href":"https:\/\/aromasentia.com\/da\/wp-json\/wp\/v2\/product\/196224","targetHints":{"allow":["GET"]}}],"collection":[{"href":"https:\/\/aromasentia.com\/da\/wp-json\/wp\/v2\/product"}],"about":[{"href":"https:\/\/aromasentia.com\/da\/wp-json\/wp\/v2\/types\/product"}],"replies":[{"embeddable":true,"href":"https:\/\/aromasentia.com\/da\/wp-json\/wp\/v2\/comments?post=196224"}],"version-history":[{"count":0,"href":"https:\/\/aromasentia.com\/da\/wp-json\/wp\/v2\/product\/196224\/revisions"}],"wp:featuredmedia":[{"embeddable":true,"href":"https:\/\/aromasentia.com\/da\/wp-json\/wp\/v2\/media\/438995"}],"wp:attachment":[{"href":"https:\/\/aromasentia.com\/da\/wp-json\/wp\/v2\/media?parent=196224"}],"wp:term":[{"taxonomy":"product_brand","embeddable":true,"href":"https:\/\/aromasentia.com\/da\/wp-json\/wp\/v2\/product_brand?post=196224"},{"taxonomy":"product_cat","embeddable":true,"href":"https:\/\/aromasentia.com\/da\/wp-json\/wp\/v2\/product_cat?post=196224"},{"taxonomy":"product_tag","embeddable":true,"href":"https:\/\/aromasentia.com\/da\/wp-json\/wp\/v2\/product_tag?post=196224"}],"curies":[{"name":"wp","href":"https:\/\/api.w.org\/{rel}","templated":true}]}}