{"id":196223,"date":"2025-03-23T12:10:29","date_gmt":"2025-03-23T12:10:29","guid":{"rendered":"https:\/\/aromasentia.com\/product\/rolled-leather-travel-notebook-96-pages-natural-21x15cm\/"},"modified":"2025-06-22T02:52:43","modified_gmt":"2025-06-22T02:52:43","slug":"rejsenotesbog-i-rullet-laeder-96-sider-natur-21x15cm","status":"publish","type":"product","link":"https:\/\/aromasentia.com\/da\/rejsenotesbog-i-rullet-laeder-96-sider-natur-21x15cm\/","title":{"rendered":"Rejsenotesbog I Rullet L\u00e6der &#8211; 96 Sider &#8211; Natur 21X15cm"},"content":{"rendered":"<p><span style=\"color: rgb(75, 80, 88);\">Vi pr\u00e6senterer vores <strong>Rolled Leather Travel Notebook, en alsidig ledsager til<\/strong> <strong>din kreative rejse.<\/strong>Denne uds\u00f8gte notesbog m\u00e5ler hele 21&#215;15 cm og har et naturligt, usmykket l\u00e6deromslag, der fremh\u00e6ver dens rustikke elegance.<\/span><\/p>\n<p><span style=\"color: rgb(75, 80, 88);\">Disse notesb\u00f8ger er fremstillet med sans for detaljer og designet til at ledsage dig p\u00e5 dine eventyr. Med 96 sider papir af h\u00f8j kvalitet giver de rigelig plads til dine noter, skitser eller dagbogsnotater, mens du er p\u00e5 farten.<\/span><\/p>\n<p><span style=\"color: rgb(75, 80, 88);\">Det naturlige l\u00e6deromslags enkelhed udstr\u00e5ler en tidl\u00f8s charme, der g\u00f8r den velegnet til en bred vifte af anvendelser. Uanset om du nedskriver dine rejseminder, skriver dine tanker ned eller skitserer dine omgivelser, er denne notesbog det perfekte l\u00e6rred til din kreativitet.<\/span><\/p>\n<p><span style=\"color: rgb(75, 80, 88);\">Denne rejsenotesbog i rullet l\u00e6der er ogs\u00e5 et bet\u00e6nksomt gavevalg. Dens klassiske design appellerer til b\u00e5de m\u00e6nd og kvinder, og dens alsidighed sikrer, at den er vellidt til enhver lejlighed.<\/span><\/p>\n<p><span style=\"color: rgb(75, 80, 88);\"><strong>Kompakt og nem at b\u00e6re, den er en ideel ledsager for rejsende og dem, der s\u00e6tter pris p\u00e5 den taktile oplevelse af at skrive eller tegne p\u00e5 papir.<\/strong><\/span><\/p>\n<p><span style=\"color: rgb(75, 80, 88);\">Giv din noteoplevelse et l\u00f8ft med rejsenotesbogen i rullet l\u00e6der, en blanding af enkelhed og raffinement, der er klar til at indfange dine tanker, uanset hvor du rejser.<\/span><\/p>\n","protected":false},"excerpt":{"rendered":"<p>Vi pr\u00e6senterer vores Rolled Leather Travel Notebook, en alsidig ledsager til din kreative rejse.Denne uds\u00f8gte notesbog m\u00e5ler hele 21&#215;15 cm og har et naturligt, usmykket l\u00e6deromslag, der fremh\u00e6ver dens rustikke elegance. Disse notesb\u00f8ger er fremstillet med sans for detaljer og designet til at ledsage dig p\u00e5 dine eventyr. Med 96 sider papir af h\u00f8j kvalitet [&hellip;]<\/p>\n","protected":false},"featured_media":438970,"comment_status":"closed","ping_status":"open","template":"","meta":[],"product_brand":[],"product_cat":[5576,5571],"product_tag":[],"class_list":{"0":"post-196223","1":"product","2":"type-product","3":"status-publish","4":"has-post-thumbnail","6":"product_cat-notesboger","7":"product_cat-vintagegaver-og-souvenirs","8":"pa_collection-leather-notebooks-diaries-da","9":"pa_made-in-indien","11":"first","12":"instock","13":"purchasable","14":"product-type-simple"},"supplier_id":null,"supplier_sku":"LBN-31","barcode":null,"atum_controlled":true,"out_stock_date":null,"out_stock_threshold":null,"inheritable":false,"inbound_stock":null,"stock_on_hold":0,"sold_today":0,"sales_last_days":0,"reserved_stock":null,"customer_returns":null,"warehouse_damage":null,"lost_in_post":null,"other_logs":null,"out_stock_days":0,"lost_sales":0,"has_location":null,"update_date":"2026-02-10T16:29:03","atum_locations":[],"atum_stock_status":"instock","restock_status":false,"low_stock_amount":"","sales_update_date":"2026-01-30T01:24:45","calc_backorders":null,"_links":{"self":[{"href":"https:\/\/aromasentia.com\/da\/wp-json\/wp\/v2\/product\/196223","targetHints":{"allow":["GET"]}}],"collection":[{"href":"https:\/\/aromasentia.com\/da\/wp-json\/wp\/v2\/product"}],"about":[{"href":"https:\/\/aromasentia.com\/da\/wp-json\/wp\/v2\/types\/product"}],"replies":[{"embeddable":true,"href":"https:\/\/aromasentia.com\/da\/wp-json\/wp\/v2\/comments?post=196223"}],"version-history":[{"count":0,"href":"https:\/\/aromasentia.com\/da\/wp-json\/wp\/v2\/product\/196223\/revisions"}],"wp:featuredmedia":[{"embeddable":true,"href":"https:\/\/aromasentia.com\/da\/wp-json\/wp\/v2\/media\/438970"}],"wp:attachment":[{"href":"https:\/\/aromasentia.com\/da\/wp-json\/wp\/v2\/media?parent=196223"}],"wp:term":[{"taxonomy":"product_brand","embeddable":true,"href":"https:\/\/aromasentia.com\/da\/wp-json\/wp\/v2\/product_brand?post=196223"},{"taxonomy":"product_cat","embeddable":true,"href":"https:\/\/aromasentia.com\/da\/wp-json\/wp\/v2\/product_cat?post=196223"},{"taxonomy":"product_tag","embeddable":true,"href":"https:\/\/aromasentia.com\/da\/wp-json\/wp\/v2\/product_tag?post=196223"}],"curies":[{"name":"wp","href":"https:\/\/api.w.org\/{rel}","templated":true}]}}