{"id":196222,"date":"2025-03-23T12:10:29","date_gmt":"2025-03-23T12:10:29","guid":{"rendered":"https:\/\/aromasentia.com\/product\/oiled-tan-leather-key-200-pages-13x18cm\/"},"modified":"2025-06-22T02:52:42","modified_gmt":"2025-06-22T02:52:42","slug":"oiled-tan-leather-key-200-sider-13x18cm","status":"publish","type":"product","link":"https:\/\/aromasentia.com\/da\/oiled-tan-leather-key-200-sider-13x18cm\/","title":{"rendered":"Oiled Tan Leather &#038; Key &#8211; 200 Sider &#8211; 13X18cm"},"content":{"rendered":"<p><span style=\"color: rgb(75, 80, 88);\">Vi pr\u00e6senterer vores f\u00f8rsteklasses <strong>oliebehandlede notesbog i brunt l\u00e6der med en fastgjort n\u00f8gle, der rummer hele 200 sider og m\u00e5ler praktisk 13&#215;18 cm.<\/strong><\/span><\/p>\n<p><span style=\"color: rgb(75, 80, 88);\">Denne notesbog er fremstillet med sans for detaljer og er en harmonisk blanding af praktisk anvendelighed og \u00e6stetik. Dens oliebehandlede brune l\u00e6deromslag udstr\u00e5ler sofistikering og holdbarhed, hvilket g\u00f8r den til en tidl\u00f8s ledsager til enhver skrive- eller skitseringsbestr\u00e6belse.<\/span><\/p>\n<p><span style=\"color: rgb(75, 80, 88);\">Den unikke tilf\u00f8jelse af en fastgjort n\u00f8gle tilf\u00f8jer ikke kun et strejf af charme, men fungerer ogs\u00e5 som et funktionelt element, der sikrer, at dine noter og ideer forbliver sikre.<\/span><\/p>\n<p><span style=\"color: rgb(75, 80, 88);\">Denne kompakte, men rummelige notesbog er designet til ultimativ b\u00e6rbarhed. L\u00e6g den i din taske, n\u00e5r du er p\u00e5 farten, og du har et alsidigt rum til journalf\u00f8ring, noter, kalenderskrivning eller skitsering lige ved h\u00e5nden.<\/span><\/p>\n<p><span style=\"color: rgb(75, 80, 88);\"><strong>Det er den ideelle gave til enhver lejlighed<\/strong>, som helt sikkert vil gl\u00e6de personer, der s\u00e6tter pris p\u00e5 skrivekunst og tiltr\u00e6kningskraften ved \u00e6gte l\u00e6der. Denne notesbog er velegnet til b\u00e5de m\u00e6nd og kvinder og er et alsidigt valg, der henvender sig til forskellige smagsoplevelser.<\/span><\/p>\n<p><span style=\"color: rgb(75, 80, 88);\">Med et rummeligt format p\u00e5 13&#215;18 cm kan denne notesbog prale af 200 sider, hvilket giver rigelig plads til dine kreative udtryk.<\/span><\/p>\n<p><span style=\"color: rgb(75, 80, 88);\"><strong>Giv dine daglige noter eller gavegivning et l\u00f8ft med den olierede, brune l\u00e6dernotesbog med n\u00f8gle &#8211; et symbol p\u00e5 raffineret h\u00e5ndv\u00e6rk og stil.<\/strong><\/span><\/p>\n","protected":false},"excerpt":{"rendered":"<p>Vi pr\u00e6senterer vores f\u00f8rsteklasses oliebehandlede notesbog i brunt l\u00e6der med en fastgjort n\u00f8gle, der rummer hele 200 sider og m\u00e5ler praktisk 13&#215;18 cm. Denne notesbog er fremstillet med sans for detaljer og er en harmonisk blanding af praktisk anvendelighed og \u00e6stetik. Dens oliebehandlede brune l\u00e6deromslag udstr\u00e5ler sofistikering og holdbarhed, hvilket g\u00f8r den til en tidl\u00f8s [&hellip;]<\/p>\n","protected":false},"featured_media":438929,"comment_status":"closed","ping_status":"open","template":"","meta":{"_angie_page":false},"product_brand":[],"product_cat":[5576,5571],"product_tag":[],"class_list":{"0":"post-196222","1":"product","2":"type-product","3":"status-publish","4":"has-post-thumbnail","6":"product_cat-notesboger","7":"product_cat-vintagegaver-og-souvenirs","8":"pa_collection-leather-notebooks-diaries-da","9":"pa_made-in-indien","11":"first","12":"instock","13":"purchasable","14":"product-type-simple"},"supplier_id":null,"supplier_sku":"LBN-30","barcode":null,"atum_controlled":true,"out_stock_date":null,"out_stock_threshold":null,"inheritable":false,"inbound_stock":null,"stock_on_hold":0,"sold_today":0,"sales_last_days":0,"reserved_stock":null,"customer_returns":null,"warehouse_damage":null,"lost_in_post":null,"other_logs":null,"out_stock_days":0,"lost_sales":0,"has_location":null,"update_date":"2026-04-27T07:10:42","atum_locations":[],"atum_stock_status":"instock","restock_status":false,"low_stock_amount":"","sales_update_date":"2026-01-30T01:24:54","calc_backorders":null,"_links":{"self":[{"href":"https:\/\/aromasentia.com\/da\/wp-json\/wp\/v2\/product\/196222","targetHints":{"allow":["GET"]}}],"collection":[{"href":"https:\/\/aromasentia.com\/da\/wp-json\/wp\/v2\/product"}],"about":[{"href":"https:\/\/aromasentia.com\/da\/wp-json\/wp\/v2\/types\/product"}],"replies":[{"embeddable":true,"href":"https:\/\/aromasentia.com\/da\/wp-json\/wp\/v2\/comments?post=196222"}],"version-history":[{"count":0,"href":"https:\/\/aromasentia.com\/da\/wp-json\/wp\/v2\/product\/196222\/revisions"}],"wp:featuredmedia":[{"embeddable":true,"href":"https:\/\/aromasentia.com\/da\/wp-json\/wp\/v2\/media\/438929"}],"wp:attachment":[{"href":"https:\/\/aromasentia.com\/da\/wp-json\/wp\/v2\/media?parent=196222"}],"wp:term":[{"taxonomy":"product_brand","embeddable":true,"href":"https:\/\/aromasentia.com\/da\/wp-json\/wp\/v2\/product_brand?post=196222"},{"taxonomy":"product_cat","embeddable":true,"href":"https:\/\/aromasentia.com\/da\/wp-json\/wp\/v2\/product_cat?post=196222"},{"taxonomy":"product_tag","embeddable":true,"href":"https:\/\/aromasentia.com\/da\/wp-json\/wp\/v2\/product_tag?post=196222"}],"curies":[{"name":"wp","href":"https:\/\/api.w.org\/{rel}","templated":true}]}}