{"id":196221,"date":"2025-03-23T12:10:29","date_gmt":"2025-03-23T12:10:29","guid":{"rendered":"https:\/\/aromasentia.com\/product\/oiled-leather-key-200-pages-decle-edged-13x18cm\/"},"modified":"2025-06-22T02:52:42","modified_gmt":"2025-06-22T02:52:42","slug":"olieret-laeder-og-noegle-200-sider-med-dekanteret-kant-13x18cm","status":"publish","type":"product","link":"https:\/\/aromasentia.com\/da\/olieret-laeder-og-noegle-200-sider-med-dekanteret-kant-13x18cm\/","title":{"rendered":"Olieret L\u00e6der Og N\u00f8gle &#8211; 200 Sider med Dekanteret Kant &#8211; 13X18cm"},"content":{"rendered":"<p><span style=\"color: rgb(75, 80, 88);\"><strong>Vi pr\u00e6senterer vores notesbog i olieret l\u00e6der med n\u00f8gle, der har 200 sider og et karakteristisk design med kantede kanter, alt sammen elegant pr\u00e6senteret i et kompakt 13&#215;18 cm format.<\/strong><\/span><\/p>\n<p><span style=\"color: rgb(75, 80, 88);\">Denne h\u00e5ndlavede notesbog er et mesterv\u00e6rk i b\u00e5de form og funktion. Den er omhyggeligt h\u00e5ndlavet af olieret l\u00e6der og udstr\u00e5ler en f\u00f8lelse af tidl\u00f8s elegance og holdbarhed. Tilf\u00f8jelsen af en vintage-stil n\u00f8gle som en charmerende lukning tilf\u00f8jer et unikt og sofistikeret touch til denne exceptionelle notesbog.<\/span><\/p>\n<p><span style=\"color: rgb(75, 80, 88);\">Designet til at v\u00e6re b\u00e5de b\u00e6rbar og luksuri\u00f8s, passer denne notesbog nemt i din taske, hvilket g\u00f8r den til en ideel ledsager for b\u00e5de rejsende, professionelle og kreative. Uanset om du bruger den til at skrive dagbog, tage noter, f\u00f8re dagbog eller skitsere, er denne notesbog klar til at indfange dine tanker og inspirationer med sine 200 sider papir af h\u00f8j kvalitet.<\/span><\/p>\n<p><span style=\"color: rgb(75, 80, 88);\">Denne notesbog er en uds\u00f8gt og bet\u00e6nksom gave til enhver lejlighed. Den er perfekt til dem, der s\u00e6tter pris p\u00e5 fint h\u00e5ndv\u00e6rk og et strejf af vintage charme. Dens st\u00f8rrelse p\u00e5 13&#215;18 cm rammer den perfekte balance mellem bekvemmelighed og rummelighed, hvilket sikrer, at du har rigelig plads til dine kreative sysler.<\/span><\/p>\n<p><span style=\"color: rgb(75, 80, 88);\"><strong>Giv din skriveoplevelse et l\u00f8ft med den olierede l\u00e6dernotesbog med n\u00f8gle &#8211; en blanding af klassisk \u00e6stetik og moderne funktionalitet, der helt sikkert vil fange dine sanser.<\/strong><\/span><\/p>\n","protected":false},"excerpt":{"rendered":"<p>Vi pr\u00e6senterer vores notesbog i olieret l\u00e6der med n\u00f8gle, der har 200 sider og et karakteristisk design med kantede kanter, alt sammen elegant pr\u00e6senteret i et kompakt 13&#215;18 cm format. Denne h\u00e5ndlavede notesbog er et mesterv\u00e6rk i b\u00e5de form og funktion. Den er omhyggeligt h\u00e5ndlavet af olieret l\u00e6der og udstr\u00e5ler en f\u00f8lelse af tidl\u00f8s elegance [&hellip;]<\/p>\n","protected":false},"featured_media":438888,"comment_status":"closed","ping_status":"open","template":"","meta":[],"product_brand":[],"product_cat":[5576,5571],"product_tag":[],"class_list":{"0":"post-196221","1":"product","2":"type-product","3":"status-publish","4":"has-post-thumbnail","6":"product_cat-notesboger","7":"product_cat-vintagegaver-og-souvenirs","8":"pa_collection-leather-notebooks-diaries-da","9":"pa_made-in-indien","11":"first","12":"outofstock","13":"purchasable","14":"product-type-simple"},"supplier_id":null,"supplier_sku":"LBN-29","barcode":null,"atum_controlled":true,"out_stock_date":"2025-12-18 15:35:19","out_stock_threshold":null,"inheritable":false,"inbound_stock":null,"stock_on_hold":0,"sold_today":0,"sales_last_days":0,"reserved_stock":null,"customer_returns":null,"warehouse_damage":null,"lost_in_post":null,"other_logs":null,"out_stock_days":49,"lost_sales":0,"has_location":null,"update_date":"2026-02-06T00:01:07","atum_locations":[],"atum_stock_status":"outofstock","restock_status":false,"low_stock_amount":"","sales_update_date":"2026-02-06T00:01:07","calc_backorders":null,"_links":{"self":[{"href":"https:\/\/aromasentia.com\/da\/wp-json\/wp\/v2\/product\/196221","targetHints":{"allow":["GET"]}}],"collection":[{"href":"https:\/\/aromasentia.com\/da\/wp-json\/wp\/v2\/product"}],"about":[{"href":"https:\/\/aromasentia.com\/da\/wp-json\/wp\/v2\/types\/product"}],"replies":[{"embeddable":true,"href":"https:\/\/aromasentia.com\/da\/wp-json\/wp\/v2\/comments?post=196221"}],"version-history":[{"count":0,"href":"https:\/\/aromasentia.com\/da\/wp-json\/wp\/v2\/product\/196221\/revisions"}],"wp:featuredmedia":[{"embeddable":true,"href":"https:\/\/aromasentia.com\/da\/wp-json\/wp\/v2\/media\/438888"}],"wp:attachment":[{"href":"https:\/\/aromasentia.com\/da\/wp-json\/wp\/v2\/media?parent=196221"}],"wp:term":[{"taxonomy":"product_brand","embeddable":true,"href":"https:\/\/aromasentia.com\/da\/wp-json\/wp\/v2\/product_brand?post=196221"},{"taxonomy":"product_cat","embeddable":true,"href":"https:\/\/aromasentia.com\/da\/wp-json\/wp\/v2\/product_cat?post=196221"},{"taxonomy":"product_tag","embeddable":true,"href":"https:\/\/aromasentia.com\/da\/wp-json\/wp\/v2\/product_tag?post=196221"}],"curies":[{"name":"wp","href":"https:\/\/api.w.org\/{rel}","templated":true}]}}