{"id":196218,"date":"2025-03-23T12:10:29","date_gmt":"2025-03-23T12:10:29","guid":{"rendered":"https:\/\/aromasentia.com\/product\/leather-bee-kind-deckle-edge-notebook-7x5\/"},"modified":"2025-06-22T02:52:41","modified_gmt":"2025-06-22T02:52:41","slug":"bee-kind-notesbog-i-laeder-med-daekket-kant-7x5","status":"publish","type":"product","link":"https:\/\/aromasentia.com\/da\/bee-kind-notesbog-i-laeder-med-daekket-kant-7x5\/","title":{"rendered":"&#8220;Bee Kind&#8221; Notesbog I L\u00e6der med D\u00e6kket Kant (7X5&#8243;)"},"content":{"rendered":"<p><span style=\"color: rgb(75, 80, 88);\">H\u00e5ndlavet <strong>l\u00e6der &#8220;Bee Kinde&#8221; notesbog med d\u00e6kkant<\/strong> har sin egen unikke stil med fantastiske detaljer, der tilf\u00f8jer en gammeldags charme.<\/span><\/p>\n<p><span style=\"color: rgb(75, 80, 88);\">Lavet af l\u00e6deromslag af god kvalitet med blankt vintage-papir med d\u00e6kkant (en fjerbl\u00f8d, uf\u00e6rdig papirkant), lukket med sp\u00e6nde.<\/span><\/p>\n<p><span style=\"color: rgb(75, 80, 88);\">Nem at b\u00e6re, du kan tage den med i din taske, n\u00e5r du rejser eller er p\u00e5 forretningsrejse som en dagbog, rejsenotesbog, notesblok, dagbog eller skitseblok. Nu kan dine kunder nedskrive deres ideer n\u00e5r som helst.<\/span><\/p>\n<p><span style=\"color: rgb(75, 80, 88);\">Perfekt gave til enhver lejlighed, den vil gl\u00e6de alle, der kan lide at rejse, skrive eller tegne. Ogs\u00e5 ideel til kalligrafi.<\/span><\/p>\n<p><span style=\"color: rgb(75, 80, 88);\">Notesbogens m\u00e5l: 18 x 13 x 5 cm<\/span><\/p>\n<p><span style=\"color: rgb(141, 186, 216);\"><strong>G\u00f8r nemt salg med denne tidl\u00f8se klassiker<\/strong><\/span><span style=\"color: rgb(75, 80, 88);\">.<\/span><\/p>\n","protected":false},"excerpt":{"rendered":"<p>H\u00e5ndlavet l\u00e6der &#8220;Bee Kinde&#8221; notesbog med d\u00e6kkant har sin egen unikke stil med fantastiske detaljer, der tilf\u00f8jer en gammeldags charme. Lavet af l\u00e6deromslag af god kvalitet med blankt vintage-papir med d\u00e6kkant (en fjerbl\u00f8d, uf\u00e6rdig papirkant), lukket med sp\u00e6nde. Nem at b\u00e6re, du kan tage den med i din taske, n\u00e5r du rejser eller er p\u00e5 [&hellip;]<\/p>\n","protected":false},"featured_media":438781,"comment_status":"closed","ping_status":"open","template":"","meta":[],"product_brand":[],"product_cat":[5576,5571],"product_tag":[],"class_list":{"0":"post-196218","1":"product","2":"type-product","3":"status-publish","4":"has-post-thumbnail","6":"product_cat-notesboger","7":"product_cat-vintagegaver-og-souvenirs","8":"pa_collection-leather-notebooks-diaries-da","9":"pa_made-in-indien","11":"first","12":"instock","13":"purchasable","14":"product-type-simple"},"supplier_id":null,"supplier_sku":"LBN-23","barcode":null,"atum_controlled":true,"out_stock_date":null,"out_stock_threshold":null,"inheritable":false,"inbound_stock":null,"stock_on_hold":0,"sold_today":0,"sales_last_days":0,"reserved_stock":null,"customer_returns":null,"warehouse_damage":null,"lost_in_post":null,"other_logs":null,"out_stock_days":0,"lost_sales":0,"has_location":null,"update_date":"2026-02-06T00:02:00","atum_locations":[],"atum_stock_status":"instock","restock_status":false,"low_stock_amount":"","sales_update_date":"2026-02-06T00:02:00","calc_backorders":null,"_links":{"self":[{"href":"https:\/\/aromasentia.com\/da\/wp-json\/wp\/v2\/product\/196218","targetHints":{"allow":["GET"]}}],"collection":[{"href":"https:\/\/aromasentia.com\/da\/wp-json\/wp\/v2\/product"}],"about":[{"href":"https:\/\/aromasentia.com\/da\/wp-json\/wp\/v2\/types\/product"}],"replies":[{"embeddable":true,"href":"https:\/\/aromasentia.com\/da\/wp-json\/wp\/v2\/comments?post=196218"}],"version-history":[{"count":0,"href":"https:\/\/aromasentia.com\/da\/wp-json\/wp\/v2\/product\/196218\/revisions"}],"wp:featuredmedia":[{"embeddable":true,"href":"https:\/\/aromasentia.com\/da\/wp-json\/wp\/v2\/media\/438781"}],"wp:attachment":[{"href":"https:\/\/aromasentia.com\/da\/wp-json\/wp\/v2\/media?parent=196218"}],"wp:term":[{"taxonomy":"product_brand","embeddable":true,"href":"https:\/\/aromasentia.com\/da\/wp-json\/wp\/v2\/product_brand?post=196218"},{"taxonomy":"product_cat","embeddable":true,"href":"https:\/\/aromasentia.com\/da\/wp-json\/wp\/v2\/product_cat?post=196218"},{"taxonomy":"product_tag","embeddable":true,"href":"https:\/\/aromasentia.com\/da\/wp-json\/wp\/v2\/product_tag?post=196218"}],"curies":[{"name":"wp","href":"https:\/\/api.w.org\/{rel}","templated":true}]}}