{"id":196217,"date":"2025-03-23T12:10:29","date_gmt":"2025-03-23T12:10:29","guid":{"rendered":"https:\/\/aromasentia.com\/product\/huge-flower-of-life-leather-book-10x13-200-pages\/"},"modified":"2025-06-22T02:52:41","modified_gmt":"2025-06-22T02:52:41","slug":"kaempe-livets-blomst-laederbog-10x13-200-sider","status":"publish","type":"product","link":"https:\/\/aromasentia.com\/da\/kaempe-livets-blomst-laederbog-10x13-200-sider\/","title":{"rendered":"K\u00e6mpe Livets Blomst L\u00e6derbog 10X13 (200 Sider)"},"content":{"rendered":"<p><span style=\"color: rgb(75, 80, 88);\">H\u00e5ndlavet <strong>Aroma Sentia<\/strong> notesbog med l\u00e6deromslag, lukket med sp\u00e6nde. Smukke dekorationer p\u00e5 omslaget tilf\u00f8jer charme og giver hver notesbog sin egen unikke stil.<\/span><\/p>\n<p><span style=\"color: rgb(75, 80, 88);\"><strong>K\u00e6mpe Flower of Life l\u00e6derbog 25&#215;32,5 cm (200 sider)<\/strong>kan bruges som notesbog, dagbog eller skitseblok. Den er nem at b\u00e6re, du kan tage den med i din taske, n\u00e5r du rejser eller er p\u00e5 forretningsrejse. Nu kan dine kunder nedskrive deres ideer n\u00e5r som helst.<\/span><\/p>\n<p><span style=\"color: rgb(75, 80, 88);\">Perfekt gave til enhver lejlighed, den vil gl\u00e6de alle, der kan lide at rejse, skrive eller tegne. En god gave til b\u00e5de m\u00e6nd og kvinder, is\u00e6r wiccaner vil m\u00e5ske synes om den.<\/span><\/p>\n<p><span style=\"color: rgb(75, 80, 88);\">St\u00f8rrelse p\u00e5 notesbogen: H\u00f8jde 25 cm, Bredde 32,5 cm<\/span><\/p>\n<p><span style=\"color: rgb(75, 80, 88);\">Notesbog med 200 sider<\/span><\/p>\n<p><span style=\"color: rgb(141, 186, 216);\"><strong>Foretag nemme salg med denne tidl\u00f8se klassiker.<\/strong><\/span><\/p>\n","protected":false},"excerpt":{"rendered":"<p>H\u00e5ndlavet Aroma Sentia notesbog med l\u00e6deromslag, lukket med sp\u00e6nde. Smukke dekorationer p\u00e5 omslaget tilf\u00f8jer charme og giver hver notesbog sin egen unikke stil. K\u00e6mpe Flower of Life l\u00e6derbog 25&#215;32,5 cm (200 sider)kan bruges som notesbog, dagbog eller skitseblok. Den er nem at b\u00e6re, du kan tage den med i din taske, n\u00e5r du rejser eller [&hellip;]<\/p>\n","protected":false},"featured_media":438756,"comment_status":"closed","ping_status":"open","template":"","meta":[],"product_brand":[],"product_cat":[5576,5571],"product_tag":[],"class_list":{"0":"post-196217","1":"product","2":"type-product","3":"status-publish","4":"has-post-thumbnail","6":"product_cat-notesboger","7":"product_cat-vintagegaver-og-souvenirs","8":"pa_collection-leather-notebooks-diaries-da","9":"pa_made-in-indien","11":"first","12":"outofstock","13":"purchasable","14":"product-type-simple"},"supplier_id":null,"supplier_sku":"LBN-22","barcode":null,"atum_controlled":true,"out_stock_date":"2026-01-12 12:47:46","out_stock_threshold":null,"inheritable":false,"inbound_stock":null,"stock_on_hold":0,"sold_today":0,"sales_last_days":0,"reserved_stock":null,"customer_returns":null,"warehouse_damage":null,"lost_in_post":null,"other_logs":null,"out_stock_days":17,"lost_sales":0,"has_location":null,"update_date":"2026-01-30T01:24:36","atum_locations":[],"atum_stock_status":"outofstock","restock_status":false,"low_stock_amount":"","sales_update_date":"2026-01-30T01:24:36","calc_backorders":null,"_links":{"self":[{"href":"https:\/\/aromasentia.com\/da\/wp-json\/wp\/v2\/product\/196217","targetHints":{"allow":["GET"]}}],"collection":[{"href":"https:\/\/aromasentia.com\/da\/wp-json\/wp\/v2\/product"}],"about":[{"href":"https:\/\/aromasentia.com\/da\/wp-json\/wp\/v2\/types\/product"}],"replies":[{"embeddable":true,"href":"https:\/\/aromasentia.com\/da\/wp-json\/wp\/v2\/comments?post=196217"}],"version-history":[{"count":0,"href":"https:\/\/aromasentia.com\/da\/wp-json\/wp\/v2\/product\/196217\/revisions"}],"wp:featuredmedia":[{"embeddable":true,"href":"https:\/\/aromasentia.com\/da\/wp-json\/wp\/v2\/media\/438756"}],"wp:attachment":[{"href":"https:\/\/aromasentia.com\/da\/wp-json\/wp\/v2\/media?parent=196217"}],"wp:term":[{"taxonomy":"product_brand","embeddable":true,"href":"https:\/\/aromasentia.com\/da\/wp-json\/wp\/v2\/product_brand?post=196217"},{"taxonomy":"product_cat","embeddable":true,"href":"https:\/\/aromasentia.com\/da\/wp-json\/wp\/v2\/product_cat?post=196217"},{"taxonomy":"product_tag","embeddable":true,"href":"https:\/\/aromasentia.com\/da\/wp-json\/wp\/v2\/product_tag?post=196217"}],"curies":[{"name":"wp","href":"https:\/\/api.w.org\/{rel}","templated":true}]}}