{"id":196202,"date":"2025-03-23T12:11:56","date_gmt":"2025-03-23T12:11:56","guid":{"rendered":"https:\/\/aromasentia.com\/product\/leather-moon-phases-deckle-edge-notebook-7x5\/"},"modified":"2025-06-22T02:52:33","modified_gmt":"2025-06-22T02:52:33","slug":"maanefaser-notesbog-i-laeder-med-daekket-kant-7x5","status":"publish","type":"product","link":"https:\/\/aromasentia.com\/da\/maanefaser-notesbog-i-laeder-med-daekket-kant-7x5\/","title":{"rendered":"&#8220;m\u00e5nefaser&#8221; Notesbog I L\u00e6der med D\u00e6kket Kant (7X5&#8243;)"},"content":{"rendered":"<p><span style=\"color: rgb(75, 80, 88);\">Denne uds\u00f8gte l\u00e6dernotesbog med et design med himmelske m\u00e5nefaser er perfekt til dem med en spirituel natur.<\/span><\/p>\n<p><span style=\"color: rgb(75, 80, 88);\"><strong>&bull; H\u00e5ndlavet ekspertise:<\/strong> Lavet i Indien af \u00e6gte l\u00e6der, komplet med en vintage-l\u00e5s for sikker lukning.<\/span><\/p>\n<p><span style=\"color: rgb(75, 80, 88);\"><strong>&bull; H\u00e5ndv\u00e6rksm\u00e6ssig kvalitet:<\/strong>Indeholder cirka 100 sider med kant, der giver et rustikt, antikt udtryk, der tilf\u00f8jer charme.<\/span><\/p>\n<p><span style=\"color: rgb(75, 80, 88);\"><strong>&bull; B\u00e6rbar &amp; Multifunktionel: Med m\u00e5l p\u00e5 13 x 18 x 4 cm (7 x 5 tommer) er den perfekt til at skrive dagbog med, skitsere eller som en bet\u00e6nksom gave.<\/p>\n","protected":false},"excerpt":{"rendered":"<p>Denne uds\u00f8gte l\u00e6dernotesbog med et design med himmelske m\u00e5nefaser er perfekt til dem med en spirituel natur. &bull; H\u00e5ndlavet ekspertise: Lavet i Indien af \u00e6gte l\u00e6der, komplet med en vintage-l\u00e5s for sikker lukning. &bull; H\u00e5ndv\u00e6rksm\u00e6ssig kvalitet:Indeholder cirka 100 sider med kant, der giver et rustikt, antikt udtryk, der tilf\u00f8jer charme. &bull; B\u00e6rbar &amp; Multifunktionel: Med [&hellip;]<\/p>\n","protected":false},"featured_media":439324,"comment_status":"closed","ping_status":"open","template":"","meta":{"_angie_page":false},"product_brand":[],"product_cat":[5576,5571],"product_tag":[],"class_list":{"0":"post-196202","1":"product","2":"type-product","3":"status-publish","4":"has-post-thumbnail","6":"product_cat-notesboger","7":"product_cat-vintagegaver-og-souvenirs","8":"pa_collection-leather-notebooks-diaries-da","9":"pa_made-in-indien","11":"first","12":"instock","13":"purchasable","14":"product-type-simple"},"supplier_id":null,"supplier_sku":"LBN-63","barcode":null,"atum_controlled":true,"out_stock_date":null,"out_stock_threshold":null,"inheritable":false,"inbound_stock":null,"stock_on_hold":0,"sold_today":0,"sales_last_days":0,"reserved_stock":null,"customer_returns":null,"warehouse_damage":null,"lost_in_post":null,"other_logs":null,"out_stock_days":0,"lost_sales":0,"has_location":null,"update_date":"2026-04-27T07:10:58","atum_locations":[],"atum_stock_status":"instock","restock_status":false,"low_stock_amount":"","sales_update_date":"2025-09-03T00:26:06","calc_backorders":null,"_links":{"self":[{"href":"https:\/\/aromasentia.com\/da\/wp-json\/wp\/v2\/product\/196202","targetHints":{"allow":["GET"]}}],"collection":[{"href":"https:\/\/aromasentia.com\/da\/wp-json\/wp\/v2\/product"}],"about":[{"href":"https:\/\/aromasentia.com\/da\/wp-json\/wp\/v2\/types\/product"}],"replies":[{"embeddable":true,"href":"https:\/\/aromasentia.com\/da\/wp-json\/wp\/v2\/comments?post=196202"}],"version-history":[{"count":0,"href":"https:\/\/aromasentia.com\/da\/wp-json\/wp\/v2\/product\/196202\/revisions"}],"wp:featuredmedia":[{"embeddable":true,"href":"https:\/\/aromasentia.com\/da\/wp-json\/wp\/v2\/media\/439324"}],"wp:attachment":[{"href":"https:\/\/aromasentia.com\/da\/wp-json\/wp\/v2\/media?parent=196202"}],"wp:term":[{"taxonomy":"product_brand","embeddable":true,"href":"https:\/\/aromasentia.com\/da\/wp-json\/wp\/v2\/product_brand?post=196202"},{"taxonomy":"product_cat","embeddable":true,"href":"https:\/\/aromasentia.com\/da\/wp-json\/wp\/v2\/product_cat?post=196202"},{"taxonomy":"product_tag","embeddable":true,"href":"https:\/\/aromasentia.com\/da\/wp-json\/wp\/v2\/product_tag?post=196202"}],"curies":[{"name":"wp","href":"https:\/\/api.w.org\/{rel}","templated":true}]}}