{"id":196199,"date":"2025-03-23T12:11:56","date_gmt":"2025-03-23T12:11:56","guid":{"rendered":"https:\/\/aromasentia.com\/product\/heafty-brown-tan-book-zinc-triple-moon-decor-200-deckle-edges-pages-26x18cm\/"},"modified":"2025-06-22T02:52:32","modified_gmt":"2025-06-22T02:52:32","slug":"heafty-brown-tan-book-zink-triple-moon-decor-200-sider-med-daekfarvede-kanter-26x18cm","status":"publish","type":"product","link":"https:\/\/aromasentia.com\/da\/heafty-brown-tan-book-zink-triple-moon-decor-200-sider-med-daekfarvede-kanter-26x18cm\/","title":{"rendered":"Heafty Brown Tan Book &#8211; Zink Triple moon Decor &#8211; 200 Sider med D\u00e6kfarvede Kanter &#8211; 26X18cm"},"content":{"rendered":"<p><span style=\"color: rgb(75, 80, 88);\"><strong>Denne kraftige, brune bog med zink-trippelm\u00e5nedekoration<\/strong>er et fortryllende v\u00e6rk, der ubesv\u00e6ret fanger opm\u00e6rksomheden. Dens f\u00f8rsteklasses brune l\u00e6deromslag giver en f\u00f8lelse af sofistikering og holdbarhed, hvilket g\u00f8r den til en tidl\u00f8s tilf\u00f8jelse til enhver samling.<\/span><\/p>\n<p><span style=\"color: rgb(75, 80, 88);\">Trippelm\u00e5nen, ogs\u00e5 kendt som symbolet p\u00e5 den tredobbelte gudinde, er et kraftfuldt gammelt emblem, der repr\u00e6senterer m\u00e5nens faser og livs-, d\u00f8ds- og genf\u00f8dselscyklussen. Det forbindes ofte med forskellige hedenske og wiccan-traditioner.<\/span><\/p>\n<p><span style=\"color: rgb(75, 80, 88);\">Indeni kan bogen prale af 200 sider med kantede kanter, hvilket giver en rustik charme, der forbedrer l\u00e6se- eller skriveoplevelsen. Kanterne med kantede kanter tilf\u00f8jer karakter og unikhed til hver side og skaber en visuelt tiltalende effekt. &nbsp;<\/span><\/p>\n<p><span style=\"color: rgb(75, 80, 88);\">Med dimensioner p\u00e5 26&#215;18 cm giver den rigelig plads til, at dine tanker, ideer og dr\u00f8mme kan blomstre, eller til at holde dine minder i live. Den perfekte balance mellem b\u00e6rbarhed og rummelighed g\u00f8r denne bog velegnet til en r\u00e6kke forskellige anvendelser, fra journalf\u00f8ring til skitsering eller notering.<\/span><\/p>\n<p><span style=\"color: rgb(75, 80, 88);\">Brugen af milj\u00f8venligt papir fremh\u00e6ver engagementet i b\u00e6redygtighed. Et fremragende valg for milj\u00f8bevidste forbrugere, der v\u00e6rds\u00e6tter b\u00e5de kvalitet og etiske produktionspraksisser.<\/span><\/p>\n<p><span style=\"color: rgb(141, 186, 216);\"><strong>K\u00f8b nu og begiv dig ud p\u00e5 en rejse med elegance og rentabilitet med en kollektion af l\u00e6dernotesb\u00f8ger.<\/strong><\/span><span style=\"color: rgb(75, 80, 88);\">&nbsp;<\/span><\/p>\n","protected":false},"excerpt":{"rendered":"<p>Denne kraftige, brune bog med zink-trippelm\u00e5nedekorationer et fortryllende v\u00e6rk, der ubesv\u00e6ret fanger opm\u00e6rksomheden. Dens f\u00f8rsteklasses brune l\u00e6deromslag giver en f\u00f8lelse af sofistikering og holdbarhed, hvilket g\u00f8r den til en tidl\u00f8s tilf\u00f8jelse til enhver samling. Trippelm\u00e5nen, ogs\u00e5 kendt som symbolet p\u00e5 den tredobbelte gudinde, er et kraftfuldt gammelt emblem, der repr\u00e6senterer m\u00e5nens faser og livs-, d\u00f8ds- [&hellip;]<\/p>\n","protected":false},"featured_media":439209,"comment_status":"closed","ping_status":"open","template":"","meta":{"_angie_page":false},"product_brand":[],"product_cat":[5576,5571],"product_tag":[],"class_list":{"0":"post-196199","1":"product","2":"type-product","3":"status-publish","4":"has-post-thumbnail","6":"product_cat-notesboger","7":"product_cat-vintagegaver-og-souvenirs","8":"pa_collection-leather-notebooks-diaries-da","9":"pa_made-in-indien","11":"first","12":"instock","13":"purchasable","14":"product-type-simple"},"supplier_id":null,"supplier_sku":"LBN-38","barcode":null,"atum_controlled":true,"out_stock_date":null,"out_stock_threshold":null,"inheritable":false,"inbound_stock":null,"stock_on_hold":0,"sold_today":0,"sales_last_days":0,"reserved_stock":null,"customer_returns":null,"warehouse_damage":null,"lost_in_post":null,"other_logs":null,"out_stock_days":0,"lost_sales":0,"has_location":null,"update_date":"2026-05-04T00:03:57","atum_locations":[],"atum_stock_status":"instock","restock_status":false,"low_stock_amount":"","sales_update_date":"2026-02-06T00:02:17","calc_backorders":null,"_links":{"self":[{"href":"https:\/\/aromasentia.com\/da\/wp-json\/wp\/v2\/product\/196199","targetHints":{"allow":["GET"]}}],"collection":[{"href":"https:\/\/aromasentia.com\/da\/wp-json\/wp\/v2\/product"}],"about":[{"href":"https:\/\/aromasentia.com\/da\/wp-json\/wp\/v2\/types\/product"}],"replies":[{"embeddable":true,"href":"https:\/\/aromasentia.com\/da\/wp-json\/wp\/v2\/comments?post=196199"}],"version-history":[{"count":0,"href":"https:\/\/aromasentia.com\/da\/wp-json\/wp\/v2\/product\/196199\/revisions"}],"wp:featuredmedia":[{"embeddable":true,"href":"https:\/\/aromasentia.com\/da\/wp-json\/wp\/v2\/media\/439209"}],"wp:attachment":[{"href":"https:\/\/aromasentia.com\/da\/wp-json\/wp\/v2\/media?parent=196199"}],"wp:term":[{"taxonomy":"product_brand","embeddable":true,"href":"https:\/\/aromasentia.com\/da\/wp-json\/wp\/v2\/product_brand?post=196199"},{"taxonomy":"product_cat","embeddable":true,"href":"https:\/\/aromasentia.com\/da\/wp-json\/wp\/v2\/product_cat?post=196199"},{"taxonomy":"product_tag","embeddable":true,"href":"https:\/\/aromasentia.com\/da\/wp-json\/wp\/v2\/product_tag?post=196199"}],"curies":[{"name":"wp","href":"https:\/\/api.w.org\/{rel}","templated":true}]}}