{"id":196196,"date":"2025-03-23T12:11:56","date_gmt":"2025-03-23T12:11:56","guid":{"rendered":"https:\/\/aromasentia.com\/product\/heafty-red-tan-book-zinc-hamsa-decor-200-deckle-edges-pages-26x18cm\/"},"modified":"2025-06-22T02:52:29","modified_gmt":"2025-06-22T02:52:29","slug":"heafty-red-tan-book-hamsa-dekor-i-zink-200-sider-med-daekfarvede-kanter-26x18cm","status":"publish","type":"product","link":"https:\/\/aromasentia.com\/da\/heafty-red-tan-book-hamsa-dekor-i-zink-200-sider-med-daekfarvede-kanter-26x18cm\/","title":{"rendered":"Heafty Red Tan Book &#8211; Hamsa-Dekor I Zink &#8211; 200 Sider med D\u00e6kfarvede Kanter &#8211; 26X18cm"},"content":{"rendered":"<p><span style=\"color: rgb(75, 80, 88);\"><strong>Hefty Red Tan Book &#8211; Zinc Hamsa Decor<\/strong> er et bem\u00e6rkelsesv\u00e6rdigt stykke, hvor elegance og funktionalitet m\u00f8des, pr\u00e6cist udformet til at forbedre din skriveoplevelse og ledsage dig gennem hvert \u00f8jeblik.<\/span><\/p>\n<p><span style=\"color: rgb(75, 80, 88);\">Forestil dig at holde et f\u00f8rsteklasses r\u00f8dt l\u00e6deromslag i dine h\u00e6nder, dekoreret med indviklet zink hamsa. Det er ikke bare visuelt sl\u00e5ende; det er et symbol p\u00e5 beskyttelse og vejledning, klar til at begive dig ud p\u00e5 eventyret i dine tanker og dr\u00f8mme.<\/span><\/p>\n<p><span style=\"color: rgb(75, 80, 88);\">Inden for det robuste l\u00e6deromslag ligger 200 sider med kant, der hver is\u00e6r giver en unik rustik charme, der tilf\u00f8jer karakter til din skrivning. Med m\u00e5l p\u00e5 26&#215;18 cm tilbyder den plads nok til dine dybeste refleksioner, kreative skitser eller dyrebare minder.<\/span><\/p>\n<p><span style=\"color: rgb(75, 80, 88);\">Alsidighed er dens kendetegn. Uanset om du s\u00f8ger organisering, kulinarisk inspiration, en g\u00e6stebog til s\u00e6rlige lejligheder eller et arkiv over din families historie, er denne bog et perfekt valg for dig.<\/span><\/p>\n<p><span style=\"color: rgb(75, 80, 88);\">Det er ikke bare en gave; det er en tidl\u00f8s skat, der er egnet til modtagere i alle aldre og med alle hobbyer. Journaler er i h\u00f8j eftersp\u00f8rgsel og s\u00e6lges konsekvent hurtigt hele \u00e5ret rundt.<\/span><\/p>\n<p><span style=\"color: rgb(75, 80, 88);\">Lavet med milj\u00f8venligt papir udvundet af bomuldsaffald, er hver detalje, fra design til materialer, omhyggeligt udvalgt for at minimere milj\u00f8p\u00e5virkningen og samtidig maksimere din l\u00e6segl\u00e6de.<\/span><\/p>\n<p><span style=\"color: rgb(75, 80, 88);\"><strong>K\u00f8b nu og begiv dig ud p\u00e5 en rejse med elegance og rentabilitet med en kollektion af l\u00e6dernotesb\u00f8ger.<\/strong><\/span><\/p>\n","protected":false},"excerpt":{"rendered":"<p>Hefty Red Tan Book &#8211; Zinc Hamsa Decor er et bem\u00e6rkelsesv\u00e6rdigt stykke, hvor elegance og funktionalitet m\u00f8des, pr\u00e6cist udformet til at forbedre din skriveoplevelse og ledsage dig gennem hvert \u00f8jeblik. Forestil dig at holde et f\u00f8rsteklasses r\u00f8dt l\u00e6deromslag i dine h\u00e6nder, dekoreret med indviklet zink hamsa. Det er ikke bare visuelt sl\u00e5ende; det er et [&hellip;]<\/p>\n","protected":false},"featured_media":439086,"comment_status":"closed","ping_status":"open","template":"","meta":{"_angie_page":false},"product_brand":[],"product_cat":[5576,5571],"product_tag":[],"class_list":{"0":"post-196196","1":"product","2":"type-product","3":"status-publish","4":"has-post-thumbnail","6":"product_cat-notesboger","7":"product_cat-vintagegaver-og-souvenirs","8":"pa_collection-leather-notebooks-diaries-da","9":"pa_made-in-indien","11":"first","12":"instock","13":"purchasable","14":"product-type-simple"},"supplier_id":null,"supplier_sku":"LBN-35","barcode":null,"atum_controlled":true,"out_stock_date":null,"out_stock_threshold":null,"inheritable":false,"inbound_stock":null,"stock_on_hold":0,"sold_today":0,"sales_last_days":0,"reserved_stock":null,"customer_returns":null,"warehouse_damage":null,"lost_in_post":null,"other_logs":null,"out_stock_days":0,"lost_sales":0,"has_location":null,"update_date":"2026-04-27T07:10:42","atum_locations":[],"atum_stock_status":"instock","restock_status":false,"low_stock_amount":"","sales_update_date":"2026-01-30T01:24:31","calc_backorders":null,"_links":{"self":[{"href":"https:\/\/aromasentia.com\/da\/wp-json\/wp\/v2\/product\/196196","targetHints":{"allow":["GET"]}}],"collection":[{"href":"https:\/\/aromasentia.com\/da\/wp-json\/wp\/v2\/product"}],"about":[{"href":"https:\/\/aromasentia.com\/da\/wp-json\/wp\/v2\/types\/product"}],"replies":[{"embeddable":true,"href":"https:\/\/aromasentia.com\/da\/wp-json\/wp\/v2\/comments?post=196196"}],"version-history":[{"count":0,"href":"https:\/\/aromasentia.com\/da\/wp-json\/wp\/v2\/product\/196196\/revisions"}],"wp:featuredmedia":[{"embeddable":true,"href":"https:\/\/aromasentia.com\/da\/wp-json\/wp\/v2\/media\/439086"}],"wp:attachment":[{"href":"https:\/\/aromasentia.com\/da\/wp-json\/wp\/v2\/media?parent=196196"}],"wp:term":[{"taxonomy":"product_brand","embeddable":true,"href":"https:\/\/aromasentia.com\/da\/wp-json\/wp\/v2\/product_brand?post=196196"},{"taxonomy":"product_cat","embeddable":true,"href":"https:\/\/aromasentia.com\/da\/wp-json\/wp\/v2\/product_cat?post=196196"},{"taxonomy":"product_tag","embeddable":true,"href":"https:\/\/aromasentia.com\/da\/wp-json\/wp\/v2\/product_tag?post=196196"}],"curies":[{"name":"wp","href":"https:\/\/api.w.org\/{rel}","templated":true}]}}