{"id":196193,"date":"2025-03-23T12:13:23","date_gmt":"2025-03-23T12:13:23","guid":{"rendered":"https:\/\/aromasentia.com\/product\/buddha-esoteric-notebook-red-tan-200-pages-stich-edge-17-5x12-5x3cm\/"},"modified":"2025-06-22T02:52:28","modified_gmt":"2025-06-22T02:52:28","slug":"buddha-esoterisk-notesbog-roedbrun-200-sider-stikkant-175x125x3cm","status":"publish","type":"product","link":"https:\/\/aromasentia.com\/da\/buddha-esoterisk-notesbog-roedbrun-200-sider-stikkant-175x125x3cm\/","title":{"rendered":"Buddha &#8211; Esoterisk Notesbog &#8211; R\u00f8dbrun &#8211; 200 Sider Stikkant &#8211; 17,5X12,5X3cm"},"content":{"rendered":"<p>Find inspiration til dine skriverier med denne r\u00f8dbrune esoteriske notesbog med Buddha-design. Den har 200 sider med stingkanter og m\u00e5ler 17,5 x 12,5 x 3 cm og er perfekt til dagb\u00f8ger, spirituelle noter eller kreativ skrivning.<\/p>\n","protected":false},"excerpt":{"rendered":"<p>Find inspiration til dine skriverier med denne r\u00f8dbrune esoteriske notesbog med Buddha-design. Den har 200 sider med stingkanter og m\u00e5ler 17,5 x 12,5 x 3 cm og er perfekt til dagb\u00f8ger, spirituelle noter eller kreativ skrivning.<\/p>\n","protected":false},"featured_media":439841,"comment_status":"closed","ping_status":"open","template":"","meta":{"_angie_page":false},"product_brand":[],"product_cat":[5576,5571],"product_tag":[],"class_list":{"0":"post-196193","1":"product","2":"type-product","3":"status-publish","4":"has-post-thumbnail","6":"product_cat-notesboger","7":"product_cat-vintagegaver-og-souvenirs","8":"pa_collection-leather-notebooks-diaries-da","9":"pa_made-in-indien","11":"first","12":"instock","13":"purchasable","14":"product-type-simple"},"supplier_id":null,"supplier_sku":"LBN-55","barcode":null,"atum_controlled":true,"out_stock_date":null,"out_stock_threshold":null,"inheritable":false,"inbound_stock":null,"stock_on_hold":0,"sold_today":0,"sales_last_days":0,"reserved_stock":null,"customer_returns":null,"warehouse_damage":null,"lost_in_post":null,"other_logs":null,"out_stock_days":0,"lost_sales":0,"has_location":null,"update_date":"2026-04-29T06:53:35","atum_locations":[],"atum_stock_status":"instock","restock_status":false,"low_stock_amount":"","sales_update_date":"2026-01-30T01:24:30","calc_backorders":null,"_links":{"self":[{"href":"https:\/\/aromasentia.com\/da\/wp-json\/wp\/v2\/product\/196193","targetHints":{"allow":["GET"]}}],"collection":[{"href":"https:\/\/aromasentia.com\/da\/wp-json\/wp\/v2\/product"}],"about":[{"href":"https:\/\/aromasentia.com\/da\/wp-json\/wp\/v2\/types\/product"}],"replies":[{"embeddable":true,"href":"https:\/\/aromasentia.com\/da\/wp-json\/wp\/v2\/comments?post=196193"}],"version-history":[{"count":0,"href":"https:\/\/aromasentia.com\/da\/wp-json\/wp\/v2\/product\/196193\/revisions"}],"wp:featuredmedia":[{"embeddable":true,"href":"https:\/\/aromasentia.com\/da\/wp-json\/wp\/v2\/media\/439841"}],"wp:attachment":[{"href":"https:\/\/aromasentia.com\/da\/wp-json\/wp\/v2\/media?parent=196193"}],"wp:term":[{"taxonomy":"product_brand","embeddable":true,"href":"https:\/\/aromasentia.com\/da\/wp-json\/wp\/v2\/product_brand?post=196193"},{"taxonomy":"product_cat","embeddable":true,"href":"https:\/\/aromasentia.com\/da\/wp-json\/wp\/v2\/product_cat?post=196193"},{"taxonomy":"product_tag","embeddable":true,"href":"https:\/\/aromasentia.com\/da\/wp-json\/wp\/v2\/product_tag?post=196193"}],"curies":[{"name":"wp","href":"https:\/\/api.w.org\/{rel}","templated":true}]}}