{"id":196191,"date":"2025-03-23T12:13:23","date_gmt":"2025-03-23T12:13:23","guid":{"rendered":"https:\/\/aromasentia.com\/product\/travel-journal-with-wrap-light-tan-96-pages-17x13cm\/"},"modified":"2025-06-22T02:52:27","modified_gmt":"2025-06-22T02:52:27","slug":"rejsejournal-med-omslag-light-tan-96-sider-17x13cm","status":"publish","type":"product","link":"https:\/\/aromasentia.com\/da\/rejsejournal-med-omslag-light-tan-96-sider-17x13cm\/","title":{"rendered":"Rejsejournal med Omslag &#8211; Light Tan &#8211; 96 Sider &#8211; 17X13cm"},"content":{"rendered":"<p>Dokumenter dine eventyr i denne lysebrune rejsedagbog med wrap-lukning. Med 96 sider og en praktisk st\u00f8rrelse p\u00e5 17&#215;13 cm er den perfekt til at indfange minder p\u00e5 farten.<\/p>\n","protected":false},"excerpt":{"rendered":"<p>Dokumenter dine eventyr i denne lysebrune rejsedagbog med wrap-lukning. Med 96 sider og en praktisk st\u00f8rrelse p\u00e5 17&#215;13 cm er den perfekt til at indfange minder p\u00e5 farten.<\/p>\n","protected":false},"featured_media":439791,"comment_status":"closed","ping_status":"open","template":"","meta":[],"product_brand":[],"product_cat":[5576,5571],"product_tag":[],"class_list":{"0":"post-196191","1":"product","2":"type-product","3":"status-publish","4":"has-post-thumbnail","6":"product_cat-notesboger","7":"product_cat-vintagegaver-og-souvenirs","8":"pa_collection-leather-notebooks-diaries-da","9":"pa_made-in-indien","11":"first","12":"outofstock","13":"purchasable","14":"product-type-simple"},"supplier_id":null,"supplier_sku":"LBN-53","barcode":null,"atum_controlled":true,"out_stock_date":"2026-01-06 16:31:00","out_stock_threshold":null,"inheritable":false,"inbound_stock":null,"stock_on_hold":0,"sold_today":0,"sales_last_days":0,"reserved_stock":null,"customer_returns":null,"warehouse_damage":null,"lost_in_post":null,"other_logs":null,"out_stock_days":23,"lost_sales":0,"has_location":null,"update_date":"2026-01-30T01:24:24","atum_locations":[],"atum_stock_status":"outofstock","restock_status":false,"low_stock_amount":"","sales_update_date":"2026-01-30T01:24:24","calc_backorders":null,"_links":{"self":[{"href":"https:\/\/aromasentia.com\/da\/wp-json\/wp\/v2\/product\/196191","targetHints":{"allow":["GET"]}}],"collection":[{"href":"https:\/\/aromasentia.com\/da\/wp-json\/wp\/v2\/product"}],"about":[{"href":"https:\/\/aromasentia.com\/da\/wp-json\/wp\/v2\/types\/product"}],"replies":[{"embeddable":true,"href":"https:\/\/aromasentia.com\/da\/wp-json\/wp\/v2\/comments?post=196191"}],"version-history":[{"count":0,"href":"https:\/\/aromasentia.com\/da\/wp-json\/wp\/v2\/product\/196191\/revisions"}],"wp:featuredmedia":[{"embeddable":true,"href":"https:\/\/aromasentia.com\/da\/wp-json\/wp\/v2\/media\/439791"}],"wp:attachment":[{"href":"https:\/\/aromasentia.com\/da\/wp-json\/wp\/v2\/media?parent=196191"}],"wp:term":[{"taxonomy":"product_brand","embeddable":true,"href":"https:\/\/aromasentia.com\/da\/wp-json\/wp\/v2\/product_brand?post=196191"},{"taxonomy":"product_cat","embeddable":true,"href":"https:\/\/aromasentia.com\/da\/wp-json\/wp\/v2\/product_cat?post=196191"},{"taxonomy":"product_tag","embeddable":true,"href":"https:\/\/aromasentia.com\/da\/wp-json\/wp\/v2\/product_tag?post=196191"}],"curies":[{"name":"wp","href":"https:\/\/api.w.org\/{rel}","templated":true}]}}