{"id":196175,"date":"2025-03-23T12:14:33","date_gmt":"2025-03-23T12:14:33","guid":{"rendered":"https:\/\/aromasentia.com\/product\/very-gold-money-cat-15cm\/"},"modified":"2025-06-22T02:52:19","modified_gmt":"2025-06-22T02:52:19","slug":"meget-guldfarvet-pengekat-15-cm","status":"publish","type":"product","link":"https:\/\/aromasentia.com\/da\/meget-guldfarvet-pengekat-15-cm\/","title":{"rendered":"Meget Guldfarvet Pengekat &#8211; 15 cm"},"content":{"rendered":"<p><span style=\"color: rgb(75, 80, 88);\">1 x AAA-batteri<\/span><\/p>\n<p><span style=\"color: rgb(75, 80, 88);\">Disse kinesiske heldige vinkende katte stammer fra oldgammel visdom. De vil invitere penge, ejendom, rigdom, forretningsmuligheder og venner til den, der ejer en, og vinke held og lykke for dens ejere.<\/span><\/p>\n<p><span style=\"color: rgb(75, 80, 88);\">Venstre h\u00e5nd bev\u00e6ger sig frem og tilbage p\u00e5 en vinkende m\u00e5de, hvilket hj\u00e6lper med at tiltr\u00e6kke rigdom og formue.<\/span><\/p>\n<p><span style=\"color: rgb(75, 80, 88);\">De k\u00f8rer p\u00e5 et eller to AA- og AAA-batterier (medf\u00f8lger ikke).<\/span><\/p>\n<p><span style=\"color: rgb(75, 80, 88);\">Bem\u00e6rk venligst: Batterirummet har ikke et l\u00e5g og heller ikke en t\u00e6nd\/sluk-knap, da det er designet til at vinke. konstant.<\/span><\/p>\n<p><span style=\"color: rgb(75, 80, 88);\">Vil de bringe penge hjem til dig?<\/span><\/p>\n","protected":false},"excerpt":{"rendered":"<p>1 x AAA-batteri Disse kinesiske heldige vinkende katte stammer fra oldgammel visdom. De vil invitere penge, ejendom, rigdom, forretningsmuligheder og venner til den, der ejer en, og vinke held og lykke for dens ejere. Venstre h\u00e5nd bev\u00e6ger sig frem og tilbage p\u00e5 en vinkende m\u00e5de, hvilket hj\u00e6lper med at tiltr\u00e6kke rigdom og formue. De k\u00f8rer [&hellip;]<\/p>\n","protected":false},"featured_media":440002,"comment_status":"closed","ping_status":"open","template":"","meta":[],"product_brand":[],"product_cat":[5570,5571],"product_tag":[],"class_list":{"0":"post-196175","1":"product","2":"type-product","3":"status-publish","4":"has-post-thumbnail","6":"product_cat-feng-shui-og-tibetanske-kollektioner","7":"product_cat-vintagegaver-og-souvenirs","8":"pa_collection-lucky-waving-chinese-cat-da","9":"pa_made-in-kina","11":"first","12":"instock","13":"purchasable","14":"product-type-simple"},"supplier_id":null,"supplier_sku":"MCAT-06","barcode":null,"atum_controlled":true,"out_stock_date":null,"out_stock_threshold":null,"inheritable":false,"inbound_stock":null,"stock_on_hold":0,"sold_today":0,"sales_last_days":0,"reserved_stock":null,"customer_returns":null,"warehouse_damage":null,"lost_in_post":null,"other_logs":null,"out_stock_days":0,"lost_sales":0,"has_location":null,"update_date":"2026-02-12T03:44:17","atum_locations":[],"atum_stock_status":"instock","restock_status":false,"low_stock_amount":"","sales_update_date":"2025-09-03T00:25:48","calc_backorders":null,"_links":{"self":[{"href":"https:\/\/aromasentia.com\/da\/wp-json\/wp\/v2\/product\/196175","targetHints":{"allow":["GET"]}}],"collection":[{"href":"https:\/\/aromasentia.com\/da\/wp-json\/wp\/v2\/product"}],"about":[{"href":"https:\/\/aromasentia.com\/da\/wp-json\/wp\/v2\/types\/product"}],"replies":[{"embeddable":true,"href":"https:\/\/aromasentia.com\/da\/wp-json\/wp\/v2\/comments?post=196175"}],"version-history":[{"count":0,"href":"https:\/\/aromasentia.com\/da\/wp-json\/wp\/v2\/product\/196175\/revisions"}],"wp:featuredmedia":[{"embeddable":true,"href":"https:\/\/aromasentia.com\/da\/wp-json\/wp\/v2\/media\/440002"}],"wp:attachment":[{"href":"https:\/\/aromasentia.com\/da\/wp-json\/wp\/v2\/media?parent=196175"}],"wp:term":[{"taxonomy":"product_brand","embeddable":true,"href":"https:\/\/aromasentia.com\/da\/wp-json\/wp\/v2\/product_brand?post=196175"},{"taxonomy":"product_cat","embeddable":true,"href":"https:\/\/aromasentia.com\/da\/wp-json\/wp\/v2\/product_cat?post=196175"},{"taxonomy":"product_tag","embeddable":true,"href":"https:\/\/aromasentia.com\/da\/wp-json\/wp\/v2\/product_tag?post=196175"}],"curies":[{"name":"wp","href":"https:\/\/api.w.org\/{rel}","templated":true}]}}