{"id":196174,"date":"2025-03-23T12:14:33","date_gmt":"2025-03-23T12:14:33","guid":{"rendered":"https:\/\/aromasentia.com\/product\/solar-powered-money-cat\/"},"modified":"2025-06-22T02:52:19","modified_gmt":"2025-06-22T02:52:19","slug":"solcelledrevet-pengekat","status":"publish","type":"product","link":"https:\/\/aromasentia.com\/da\/solcelledrevet-pengekat\/","title":{"rendered":"Solcelledrevet Pengekat"},"content":{"rendered":"<p><strong><span style=\"color: rgb(75, 80, 88);\">Aroma Sentia Soldrevet pengekat<\/span><\/strong><span style=\"color: rgb(75, 80, 88);\">,<\/span><\/p>\n<p><span style=\"color: rgb(75, 80, 88);\">Soldrevet pengekat. Disse kinesiske heldige vinkende katte inviterer penge, ejendom, rigdom, forretningsmuligheder og venner til den, der ejer en, og vinker held og lykke for dens ejere.<\/span><\/p>\n<p><span style=\"color: rgb(75, 80, 88);\">Venstreh\u00e5nden bev\u00e6ger sig frem og tilbage p\u00e5 en vinkende m\u00e5de, hvilket hj\u00e6lper med at tiltr\u00e6kke rigdom og formue. <\/span><\/p>\n<p><span style=\"color: rgb(141, 186, 216);\"><strong>De k\u00f8rer p\u00e5 et eller to AA- og AAA-batterier (medf\u00f8lger ikke).<\/strong><\/span><\/p>\n<p><span style=\"color: rgb(141, 186, 216);\"><strong>Bem\u00e6rk venligst: Batterirummet har ikke et l\u00e5g og heller ikke en t\u00e6nd\/sluk-knap, da det er designet til at vifte konstant.<\/strong><\/span><\/p>\n","protected":false},"excerpt":{"rendered":"<p>Aroma Sentia Soldrevet pengekat, Soldrevet pengekat. Disse kinesiske heldige vinkende katte inviterer penge, ejendom, rigdom, forretningsmuligheder og venner til den, der ejer en, og vinker held og lykke for dens ejere. Venstreh\u00e5nden bev\u00e6ger sig frem og tilbage p\u00e5 en vinkende m\u00e5de, hvilket hj\u00e6lper med at tiltr\u00e6kke rigdom og formue. De k\u00f8rer p\u00e5 et eller to [&hellip;]<\/p>\n","protected":false},"featured_media":439985,"comment_status":"closed","ping_status":"open","template":"","meta":[],"product_brand":[],"product_cat":[5570,5571],"product_tag":[],"class_list":{"0":"post-196174","1":"product","2":"type-product","3":"status-publish","4":"has-post-thumbnail","6":"product_cat-feng-shui-og-tibetanske-kollektioner","7":"product_cat-vintagegaver-og-souvenirs","8":"pa_collection-lucky-waving-chinese-cat-da","9":"pa_made-in-kina","11":"first","12":"instock","13":"purchasable","14":"product-type-simple"},"supplier_id":null,"supplier_sku":"MCAT-05","barcode":null,"atum_controlled":true,"out_stock_date":null,"out_stock_threshold":null,"inheritable":false,"inbound_stock":null,"stock_on_hold":0,"sold_today":0,"sales_last_days":0,"reserved_stock":null,"customer_returns":null,"warehouse_damage":null,"lost_in_post":null,"other_logs":null,"out_stock_days":0,"lost_sales":0,"has_location":null,"update_date":"2026-02-09T08:36:43","atum_locations":[],"atum_stock_status":"instock","restock_status":false,"low_stock_amount":"","sales_update_date":"2026-01-20T05:13:48","calc_backorders":null,"_links":{"self":[{"href":"https:\/\/aromasentia.com\/da\/wp-json\/wp\/v2\/product\/196174","targetHints":{"allow":["GET"]}}],"collection":[{"href":"https:\/\/aromasentia.com\/da\/wp-json\/wp\/v2\/product"}],"about":[{"href":"https:\/\/aromasentia.com\/da\/wp-json\/wp\/v2\/types\/product"}],"replies":[{"embeddable":true,"href":"https:\/\/aromasentia.com\/da\/wp-json\/wp\/v2\/comments?post=196174"}],"version-history":[{"count":0,"href":"https:\/\/aromasentia.com\/da\/wp-json\/wp\/v2\/product\/196174\/revisions"}],"wp:featuredmedia":[{"embeddable":true,"href":"https:\/\/aromasentia.com\/da\/wp-json\/wp\/v2\/media\/439985"}],"wp:attachment":[{"href":"https:\/\/aromasentia.com\/da\/wp-json\/wp\/v2\/media?parent=196174"}],"wp:term":[{"taxonomy":"product_brand","embeddable":true,"href":"https:\/\/aromasentia.com\/da\/wp-json\/wp\/v2\/product_brand?post=196174"},{"taxonomy":"product_cat","embeddable":true,"href":"https:\/\/aromasentia.com\/da\/wp-json\/wp\/v2\/product_cat?post=196174"},{"taxonomy":"product_tag","embeddable":true,"href":"https:\/\/aromasentia.com\/da\/wp-json\/wp\/v2\/product_tag?post=196174"}],"curies":[{"name":"wp","href":"https:\/\/api.w.org\/{rel}","templated":true}]}}