{"id":196162,"date":"2025-03-23T12:15:38","date_gmt":"2025-03-23T12:15:38","guid":{"rendered":"https:\/\/aromasentia.com\/product\/mango-carved-tea-box-4-compartments-15x15x8cm\/"},"modified":"2025-06-22T02:52:14","modified_gmt":"2025-06-22T02:52:14","slug":"mango-udskaaret-teaeske-4-rum-15x15x8cm","status":"publish","type":"product","link":"https:\/\/aromasentia.com\/da\/mango-udskaaret-teaeske-4-rum-15x15x8cm\/","title":{"rendered":"Mango Udsk\u00e5ret Te\u00e6ske (4 Rum) &#8211; 15X15X8cm"},"content":{"rendered":"<p><span style=\"color: rgb(75, 80, 88);\"><strong>Opdag et produkt, der kombinerer sk\u00f8nhed, funktionalitet og b\u00e6redygtighed.<\/strong> Disse<span style=\"color: rgb(75, 80, 88);\">Mango-udsk\u00e5rne te\u00e6sker med 4 rum og en l\u00e5s er h\u00e5ndlavede af mangotr\u00e6 og omhyggeligt h\u00e5ndsk\u00e5ret af h\u00e5ndv\u00e6rkere i Indien. De er perfekte til at organisere og fremvise tesamlinger.<\/span><\/p>\n<p><span style=\"color: rgb(75, 80, 88);\">De bringer praktisk anvendelighed med et strejf af rustik charme til ethvert k\u00f8kken eller butiksudstilling. Derudover fuldender messingl\u00e5sene det vintage-look, samtidig med at teen holdes frisk og smagen intakt.<\/span><\/p>\n<p><span style=\"color: rgb(75, 80, 88);\">Uanset om du s\u00e6lger boligindretning, k\u00f8kkenudstyr eller specialteer, er disse alsidige te\u00e6sker et must-have til din butik.<\/span><\/p>\n<p><span style=\"color: rgb(75, 80, 88);\"><strong><em>St\u00f8rrelse:<\/em><\/strong><\/span><\/p>\n<p><span style=\"color: rgb(75, 80, 88);\"><strong><em>15x15x8cm &nbsp;<\/em><\/strong><\/span><\/p>\n<p><span style=\"color: rgb(141, 186, 216);\"><strong>De passer problemfrit ind i ethvert lager og tilbyder en milj\u00f8bevidst opbevaringsl\u00f8sning, der er lige s\u00e5 praktisk, som den er smuk.<\/strong><\/span><\/p>\n","protected":false},"excerpt":{"rendered":"<p>Opdag et produkt, der kombinerer sk\u00f8nhed, funktionalitet og b\u00e6redygtighed. DisseMango-udsk\u00e5rne te\u00e6sker med 4 rum og en l\u00e5s er h\u00e5ndlavede af mangotr\u00e6 og omhyggeligt h\u00e5ndsk\u00e5ret af h\u00e5ndv\u00e6rkere i Indien. De er perfekte til at organisere og fremvise tesamlinger. De bringer praktisk anvendelighed med et strejf af rustik charme til ethvert k\u00f8kken eller butiksudstilling. Derudover fuldender messingl\u00e5sene [&hellip;]<\/p>\n","protected":false},"featured_media":667944,"comment_status":"closed","ping_status":"open","template":"","meta":[],"product_brand":[],"product_cat":[5582,5583],"product_tag":[],"class_list":{"0":"post-196162","1":"product","2":"type-product","3":"status-publish","4":"has-post-thumbnail","6":"product_cat-gaveindpakning","7":"product_cat-gaveopbevaring-og-traeaesker","8":"pa_collection-hand-carved-mango-wood-tea-boxes-da","9":"pa_made-in-indien","11":"first","12":"instock","13":"purchasable","14":"product-type-simple"},"supplier_id":null,"supplier_sku":"TeaBx-01","barcode":null,"atum_controlled":true,"out_stock_date":null,"out_stock_threshold":null,"inheritable":false,"inbound_stock":null,"stock_on_hold":0,"sold_today":0,"sales_last_days":0,"reserved_stock":null,"customer_returns":null,"warehouse_damage":null,"lost_in_post":null,"other_logs":null,"out_stock_days":0,"lost_sales":0,"has_location":null,"update_date":"2026-02-10T10:24:00","atum_locations":[],"atum_stock_status":"instock","restock_status":false,"low_stock_amount":"","sales_update_date":"2026-01-20T05:14:12","calc_backorders":null,"_links":{"self":[{"href":"https:\/\/aromasentia.com\/da\/wp-json\/wp\/v2\/product\/196162","targetHints":{"allow":["GET"]}}],"collection":[{"href":"https:\/\/aromasentia.com\/da\/wp-json\/wp\/v2\/product"}],"about":[{"href":"https:\/\/aromasentia.com\/da\/wp-json\/wp\/v2\/types\/product"}],"replies":[{"embeddable":true,"href":"https:\/\/aromasentia.com\/da\/wp-json\/wp\/v2\/comments?post=196162"}],"version-history":[{"count":0,"href":"https:\/\/aromasentia.com\/da\/wp-json\/wp\/v2\/product\/196162\/revisions"}],"wp:featuredmedia":[{"embeddable":true,"href":"https:\/\/aromasentia.com\/da\/wp-json\/wp\/v2\/media\/667944"}],"wp:attachment":[{"href":"https:\/\/aromasentia.com\/da\/wp-json\/wp\/v2\/media?parent=196162"}],"wp:term":[{"taxonomy":"product_brand","embeddable":true,"href":"https:\/\/aromasentia.com\/da\/wp-json\/wp\/v2\/product_brand?post=196162"},{"taxonomy":"product_cat","embeddable":true,"href":"https:\/\/aromasentia.com\/da\/wp-json\/wp\/v2\/product_cat?post=196162"},{"taxonomy":"product_tag","embeddable":true,"href":"https:\/\/aromasentia.com\/da\/wp-json\/wp\/v2\/product_tag?post=196162"}],"curies":[{"name":"wp","href":"https:\/\/api.w.org\/{rel}","templated":true}]}}