{"id":196160,"date":"2025-03-23T12:15:38","date_gmt":"2025-03-23T12:15:38","guid":{"rendered":"https:\/\/aromasentia.com\/product\/small-notebook-with-strap-leaves-on-the-same-tree\/"},"modified":"2025-06-22T02:52:13","modified_gmt":"2025-06-22T02:52:13","slug":"lille-notesbog-med-strop-blade-paa-samme-trae","status":"publish","type":"product","link":"https:\/\/aromasentia.com\/da\/lille-notesbog-med-strop-blade-paa-samme-trae\/","title":{"rendered":"Lille Notesbog med Strop &#8211; Blade P\u00e5 Samme Tr\u00e6"},"content":{"rendered":"<p>Denne <strong>Aroma Sentia<\/strong> designer notesbog <strong><span style=\"color: rgb(141, 186, 216);\">lille notesbog med rem &#8211; Blade p\u00e5 samme tr\u00e6<\/span><\/strong> er virkelig fantastisk!<\/p>\n<p>Hver notesbog indeholder <strong>200 sider<\/strong> med sv\u00e6rt at finde antikt genbrugspapir. Siderne er ulinjerede, s\u00e5 dine kunder kan v\u00e6re kreative og enten skrive eller tegne, eller begge dele.<\/p>\n<p>Notesbog i ideel st\u00f8rrelse med rem og kokosknap er et godt valg i enhver gavebutik. &nbsp;God at vise frem i butikken &#8211; hurtigts\u00e6lgende vare.<\/p>\n<p style=\"text-align: left;\"><em>* 200 sider milj\u00f8venligt papir*&nbsp;<\/em><\/p>\n<p style=\"text-align: left;\"><em>* St\u00f8rrelse: 18 x 12,5 cm<\/em><\/p>\n<p style=\"text-align: left;\"><em>* Strop med kokosknap<\/em><\/p>\n<p style=\"text-align: left;\"><em>* Flot og trendy citat<\/em><\/p>\n<p style=\"text-align: left;\"><em>* H\u00e5ndlavet i Indien<\/em><\/p>\n<p>&nbsp;<span style=\"color: rgb(141, 186, 216);\"><strong>S\u00e6tter sikkert i en stors\u00e6lger i enhver gavebutik. Book et ekstra tilbud nu.<\/strong><\/span><\/p>\n","protected":false},"excerpt":{"rendered":"<p>Denne Aroma Sentia designer notesbog lille notesbog med rem &#8211; Blade p\u00e5 samme tr\u00e6 er virkelig fantastisk! Hver notesbog indeholder 200 sider med sv\u00e6rt at finde antikt genbrugspapir. Siderne er ulinjerede, s\u00e5 dine kunder kan v\u00e6re kreative og enten skrive eller tegne, eller begge dele. Notesbog i ideel st\u00f8rrelse med rem og kokosknap er et [&hellip;]<\/p>\n","protected":false},"featured_media":440755,"comment_status":"closed","ping_status":"open","template":"","meta":{"_angie_page":false},"product_brand":[],"product_cat":[5576,5571],"product_tag":[],"class_list":{"0":"post-196160","1":"product","2":"type-product","3":"status-publish","4":"has-post-thumbnail","6":"product_cat-notesboger","7":"product_cat-vintagegaver-og-souvenirs","8":"pa_collection-designer-notebooks-da","9":"pa_made-in-indien","11":"first","12":"instock","13":"purchasable","14":"product-type-simple"},"supplier_id":null,"supplier_sku":"PNB-02","barcode":null,"atum_controlled":true,"out_stock_date":null,"out_stock_threshold":null,"inheritable":false,"inbound_stock":null,"stock_on_hold":0,"sold_today":0,"sales_last_days":0,"reserved_stock":null,"customer_returns":null,"warehouse_damage":null,"lost_in_post":null,"other_logs":null,"out_stock_days":0,"lost_sales":0,"has_location":null,"update_date":"2026-04-27T07:18:09","atum_locations":[],"atum_stock_status":"instock","restock_status":false,"low_stock_amount":"","sales_update_date":"2026-01-30T01:24:57","calc_backorders":null,"_links":{"self":[{"href":"https:\/\/aromasentia.com\/da\/wp-json\/wp\/v2\/product\/196160","targetHints":{"allow":["GET"]}}],"collection":[{"href":"https:\/\/aromasentia.com\/da\/wp-json\/wp\/v2\/product"}],"about":[{"href":"https:\/\/aromasentia.com\/da\/wp-json\/wp\/v2\/types\/product"}],"replies":[{"embeddable":true,"href":"https:\/\/aromasentia.com\/da\/wp-json\/wp\/v2\/comments?post=196160"}],"version-history":[{"count":0,"href":"https:\/\/aromasentia.com\/da\/wp-json\/wp\/v2\/product\/196160\/revisions"}],"wp:featuredmedia":[{"embeddable":true,"href":"https:\/\/aromasentia.com\/da\/wp-json\/wp\/v2\/media\/440755"}],"wp:attachment":[{"href":"https:\/\/aromasentia.com\/da\/wp-json\/wp\/v2\/media?parent=196160"}],"wp:term":[{"taxonomy":"product_brand","embeddable":true,"href":"https:\/\/aromasentia.com\/da\/wp-json\/wp\/v2\/product_brand?post=196160"},{"taxonomy":"product_cat","embeddable":true,"href":"https:\/\/aromasentia.com\/da\/wp-json\/wp\/v2\/product_cat?post=196160"},{"taxonomy":"product_tag","embeddable":true,"href":"https:\/\/aromasentia.com\/da\/wp-json\/wp\/v2\/product_tag?post=196160"}],"curies":[{"name":"wp","href":"https:\/\/api.w.org\/{rel}","templated":true}]}}