{"id":196152,"date":"2025-03-23T12:15:38","date_gmt":"2025-03-23T12:15:38","guid":{"rendered":"https:\/\/aromasentia.com\/product\/handmade-leather-journal-little-book-of-big-plans-red-80-pages\/"},"modified":"2025-06-22T02:52:08","modified_gmt":"2025-06-22T02:52:08","slug":"haandlavet-laederjournal-lille-bog-med-store-planer-roed-80-sider","status":"publish","type":"product","link":"https:\/\/aromasentia.com\/da\/haandlavet-laederjournal-lille-bog-med-store-planer-roed-80-sider\/","title":{"rendered":"H\u00e5ndlavet L\u00e6derjournal &#8211; Lille Bog med Store Planer &#8211; R\u00f8d (80 Sider)"},"content":{"rendered":"<p>Den unikke vintage-gave til dine k\u00e6re til mange lejligheder. Tynde, genopfyldelige h\u00e6fter med fantastiske pr\u00e6gede designs.<\/p>\n<p>Nyd forskellige farver og stilarter. H\u00e5ndlavede l\u00e6derjournaler kan bruges som notesb\u00f8ger, dagb\u00f8ger eller skitseb\u00f8ger.<\/p>\n<p>Wrap around-b\u00e5nd &#8211; meget elegant.<\/p>\n<p>\u2714 Popul\u00e6r coming-of-age-gave<br \/>\u2714 Flot udstilling i butikken &#8211; hurtigt salg<br \/>\u2714 80 blanke sider &#8211; lavet med milj\u00f8venligt papir<br \/>\u2714 St\u00f8rrelse 22x12x1,5 cm<br \/>\u2714 5 forskellige farver<\/p>\n<p>Bok nogle ekstra udsalg &#8211; G\u00f8r det til en stors\u00e6lger i butikken<\/p>\n","protected":false},"excerpt":{"rendered":"<p>Den unikke vintage-gave til dine k\u00e6re til mange lejligheder. Tynde, genopfyldelige h\u00e6fter med fantastiske pr\u00e6gede designs. Nyd forskellige farver og stilarter. H\u00e5ndlavede l\u00e6derjournaler kan bruges som notesb\u00f8ger, dagb\u00f8ger eller skitseb\u00f8ger. Wrap around-b\u00e5nd &#8211; meget elegant. \u2714 Popul\u00e6r coming-of-age-gave\u2714 Flot udstilling i butikken &#8211; hurtigt salg\u2714 80 blanke sider &#8211; lavet med milj\u00f8venligt papir\u2714 St\u00f8rrelse 22x12x1,5 [&hellip;]<\/p>\n","protected":false},"featured_media":670493,"comment_status":"closed","ping_status":"open","template":"","meta":{"_angie_page":false},"product_brand":[],"product_cat":[5576,5571],"product_tag":[],"class_list":{"0":"post-196152","1":"product","2":"type-product","3":"status-publish","4":"has-post-thumbnail","6":"product_cat-notesboger","7":"product_cat-vintagegaver-og-souvenirs","8":"pa_collection-leather-message-journals-da","9":"pa_made-in-indien","11":"first","12":"outofstock","13":"purchasable","14":"product-type-simple"},"supplier_id":null,"supplier_sku":"MSJ-08","barcode":null,"atum_controlled":true,"out_stock_date":"2026-04-25 16:43:48","out_stock_threshold":null,"inheritable":false,"inbound_stock":null,"stock_on_hold":0,"sold_today":0,"sales_last_days":0,"reserved_stock":null,"customer_returns":null,"warehouse_damage":null,"lost_in_post":null,"other_logs":null,"out_stock_days":0,"lost_sales":0,"has_location":null,"update_date":"2026-04-27T07:14:16","atum_locations":[],"atum_stock_status":"outofstock","restock_status":false,"low_stock_amount":"","sales_update_date":"2026-02-06T00:02:27","calc_backorders":null,"_links":{"self":[{"href":"https:\/\/aromasentia.com\/da\/wp-json\/wp\/v2\/product\/196152","targetHints":{"allow":["GET"]}}],"collection":[{"href":"https:\/\/aromasentia.com\/da\/wp-json\/wp\/v2\/product"}],"about":[{"href":"https:\/\/aromasentia.com\/da\/wp-json\/wp\/v2\/types\/product"}],"replies":[{"embeddable":true,"href":"https:\/\/aromasentia.com\/da\/wp-json\/wp\/v2\/comments?post=196152"}],"version-history":[{"count":0,"href":"https:\/\/aromasentia.com\/da\/wp-json\/wp\/v2\/product\/196152\/revisions"}],"wp:featuredmedia":[{"embeddable":true,"href":"https:\/\/aromasentia.com\/da\/wp-json\/wp\/v2\/media\/670493"}],"wp:attachment":[{"href":"https:\/\/aromasentia.com\/da\/wp-json\/wp\/v2\/media?parent=196152"}],"wp:term":[{"taxonomy":"product_brand","embeddable":true,"href":"https:\/\/aromasentia.com\/da\/wp-json\/wp\/v2\/product_brand?post=196152"},{"taxonomy":"product_cat","embeddable":true,"href":"https:\/\/aromasentia.com\/da\/wp-json\/wp\/v2\/product_cat?post=196152"},{"taxonomy":"product_tag","embeddable":true,"href":"https:\/\/aromasentia.com\/da\/wp-json\/wp\/v2\/product_tag?post=196152"}],"curies":[{"name":"wp","href":"https:\/\/api.w.org\/{rel}","templated":true}]}}