{"id":196143,"date":"2025-03-23T12:17:27","date_gmt":"2025-03-23T12:17:27","guid":{"rendered":"https:\/\/aromasentia.com\/product\/vintage-deco-multi-purpose-box-22x12x10cm-grey-star\/"},"modified":"2025-06-22T02:52:04","modified_gmt":"2025-06-22T02:52:04","slug":"vintage-deco-kasse-til-flere-formaal-22x12x10cm-graa-stjerne","status":"publish","type":"product","link":"https:\/\/aromasentia.com\/da\/vintage-deco-kasse-til-flere-formaal-22x12x10cm-graa-stjerne\/","title":{"rendered":"Vintage Deco &#8211; Kasse Til Flere Form\u00e5l &#8211; 22X12X10cm &#8211; Gr\u00e5 Stjerne"},"content":{"rendered":"<p><span style=\"color: rgb(75, 80, 88);\">Afsl\u00f8r mystikken i vores <strong>Gr\u00e5 Stjerne Vintage Deco Boks<\/strong> \u2013 et himmelsk vidunder fremstillet med pr\u00e6cision i Nordindien.<\/span><\/p>\n<p><span style=\"color: rgb(75, 80, 88);\">Den gr\u00e5tonede fortryllelse str\u00e6kker sig ud over dens 22x12x10 cm ramme, med f\u00e6ngslende stjerner delikat udsk\u00e5ret p\u00e5 l\u00e5get. Det vintage-inspirerede design og den d\u00e6mpede gr\u00e5 farve g\u00f8r den til en perfekt tilf\u00f8jelse til forskellige indretningsstile.<\/span><\/p>\n<p><span style=\"color: rgb(75, 80, 88);\">Ideel til at organisere en r\u00e6kke forskellige genstande, <strong>fra smykker og nipsgenstande til kontorartikler<\/strong>, tilf\u00f8jer denne multifunktionelle boks et strejf af nostalgi til dine opbevaringsl\u00f8sninger. &nbsp;<\/span><\/p>\n<p><span style=\"color: rgb(75, 80, 88);\"><strong>M\u00e5l:<\/strong> <\/span><em><span style=\"color: rgb(75, 80, 88);\">22x12x10cm<\/span><\/em><\/p>\n","protected":false},"excerpt":{"rendered":"<p>Afsl\u00f8r mystikken i vores Gr\u00e5 Stjerne Vintage Deco Boks \u2013 et himmelsk vidunder fremstillet med pr\u00e6cision i Nordindien. Den gr\u00e5tonede fortryllelse str\u00e6kker sig ud over dens 22x12x10 cm ramme, med f\u00e6ngslende stjerner delikat udsk\u00e5ret p\u00e5 l\u00e5get. Det vintage-inspirerede design og den d\u00e6mpede gr\u00e5 farve g\u00f8r den til en perfekt tilf\u00f8jelse til forskellige indretningsstile. Ideel til [&hellip;]<\/p>\n","protected":false},"featured_media":668042,"comment_status":"closed","ping_status":"open","template":"","meta":[],"product_brand":[],"product_cat":[5582,5583],"product_tag":[],"class_list":{"0":"post-196143","1":"product","2":"type-product","3":"status-publish","4":"has-post-thumbnail","6":"product_cat-gaveindpakning","7":"product_cat-gaveopbevaring-og-traeaesker","8":"pa_collection-vintage-deco-boxes-da","9":"pa_made-in-indien","11":"first","12":"instock","13":"purchasable","14":"product-type-simple"},"supplier_id":null,"supplier_sku":"VDBox-01","barcode":null,"atum_controlled":true,"out_stock_date":null,"out_stock_threshold":null,"inheritable":false,"inbound_stock":null,"stock_on_hold":0,"sold_today":0,"sales_last_days":0,"reserved_stock":null,"customer_returns":null,"warehouse_damage":null,"lost_in_post":null,"other_logs":null,"out_stock_days":0,"lost_sales":0,"has_location":null,"update_date":"2026-01-30T01:25:40","atum_locations":[],"atum_stock_status":"instock","restock_status":false,"low_stock_amount":"","sales_update_date":"2026-01-30T01:25:40","calc_backorders":null,"_links":{"self":[{"href":"https:\/\/aromasentia.com\/da\/wp-json\/wp\/v2\/product\/196143","targetHints":{"allow":["GET"]}}],"collection":[{"href":"https:\/\/aromasentia.com\/da\/wp-json\/wp\/v2\/product"}],"about":[{"href":"https:\/\/aromasentia.com\/da\/wp-json\/wp\/v2\/types\/product"}],"replies":[{"embeddable":true,"href":"https:\/\/aromasentia.com\/da\/wp-json\/wp\/v2\/comments?post=196143"}],"version-history":[{"count":0,"href":"https:\/\/aromasentia.com\/da\/wp-json\/wp\/v2\/product\/196143\/revisions"}],"wp:featuredmedia":[{"embeddable":true,"href":"https:\/\/aromasentia.com\/da\/wp-json\/wp\/v2\/media\/668042"}],"wp:attachment":[{"href":"https:\/\/aromasentia.com\/da\/wp-json\/wp\/v2\/media?parent=196143"}],"wp:term":[{"taxonomy":"product_brand","embeddable":true,"href":"https:\/\/aromasentia.com\/da\/wp-json\/wp\/v2\/product_brand?post=196143"},{"taxonomy":"product_cat","embeddable":true,"href":"https:\/\/aromasentia.com\/da\/wp-json\/wp\/v2\/product_cat?post=196143"},{"taxonomy":"product_tag","embeddable":true,"href":"https:\/\/aromasentia.com\/da\/wp-json\/wp\/v2\/product_tag?post=196143"}],"curies":[{"name":"wp","href":"https:\/\/api.w.org\/{rel}","templated":true}]}}