{"id":196142,"date":"2025-03-23T12:17:27","date_gmt":"2025-03-23T12:17:27","guid":{"rendered":"https:\/\/aromasentia.com\/product\/vintage-deco-multi-purpose-box-22x12x10cm-antique-lines\/"},"modified":"2025-06-22T02:52:04","modified_gmt":"2025-06-22T02:52:04","slug":"vintage-deco-kasse-til-flere-formaal-22x12x10cm-antikke-linjer","status":"publish","type":"product","link":"https:\/\/aromasentia.com\/da\/vintage-deco-kasse-til-flere-formaal-22x12x10cm-antikke-linjer\/","title":{"rendered":"Vintage Deco &#8211; Kasse Til Flere Form\u00e5l &#8211; 22X12X10cm &#8211; Antikke Linjer"},"content":{"rendered":"<p><span style=\"color: rgb(75, 80, 88);\">Dyk ned i den fyldige varme i vores <strong>Antique Lines Vintage Deco Box.<\/strong><\/span> <\/p>\n<p><span style=\"color: rgb(75, 80, 88);\">Det m\u00f8rkebrune tr\u00e6 med elegante linjer p\u00e5 l\u00e5get fremkalder en f\u00f8lelse af tidl\u00f8s elegance. Det vintage-inspirerede design og den fyldige brune farve g\u00f8r den til et perfekt supplement til forskellige indretningsstile.<\/span><\/p>\n<p><span style=\"color: rgb(75, 80, 88);\">Denne multifunktionelle boks er ideel til at organisere en r\u00e6kke forskellige ting, <strong>fra smykker og nipsgenstande til kontorartikler<\/strong>, og tilf\u00f8jer et strejf af nostalgi til dine opbevaringsl\u00f8sninger. &nbsp;<\/span><\/p>\n<p><span style=\"color: rgb(75, 80, 88);\"><strong>M\u00e5l:<\/strong>&nbsp;<\/span><em><span style=\"color: rgb(75, 80, 88);\">22x12x10cm<\/span><\/em><\/p>\n","protected":false},"excerpt":{"rendered":"<p>Dyk ned i den fyldige varme i vores Antique Lines Vintage Deco Box. Det m\u00f8rkebrune tr\u00e6 med elegante linjer p\u00e5 l\u00e5get fremkalder en f\u00f8lelse af tidl\u00f8s elegance. Det vintage-inspirerede design og den fyldige brune farve g\u00f8r den til et perfekt supplement til forskellige indretningsstile. Denne multifunktionelle boks er ideel til at organisere en r\u00e6kke forskellige [&hellip;]<\/p>\n","protected":false},"featured_media":668035,"comment_status":"closed","ping_status":"open","template":"","meta":[],"product_brand":[],"product_cat":[5582,5583],"product_tag":[],"class_list":{"0":"post-196142","1":"product","2":"type-product","3":"status-publish","4":"has-post-thumbnail","6":"product_cat-gaveindpakning","7":"product_cat-gaveopbevaring-og-traeaesker","8":"pa_collection-vintage-deco-boxes-da","9":"pa_made-in-indien","11":"first","12":"instock","13":"purchasable","14":"product-type-simple"},"supplier_id":null,"supplier_sku":"VDBox-04","barcode":null,"atum_controlled":true,"out_stock_date":null,"out_stock_threshold":null,"inheritable":false,"inbound_stock":null,"stock_on_hold":0,"sold_today":0,"sales_last_days":0,"reserved_stock":null,"customer_returns":null,"warehouse_damage":null,"lost_in_post":null,"other_logs":null,"out_stock_days":0,"lost_sales":0,"has_location":null,"update_date":"2026-02-06T00:01:49","atum_locations":[],"atum_stock_status":"instock","restock_status":false,"low_stock_amount":"","sales_update_date":"2026-02-06T00:01:49","calc_backorders":null,"_links":{"self":[{"href":"https:\/\/aromasentia.com\/da\/wp-json\/wp\/v2\/product\/196142","targetHints":{"allow":["GET"]}}],"collection":[{"href":"https:\/\/aromasentia.com\/da\/wp-json\/wp\/v2\/product"}],"about":[{"href":"https:\/\/aromasentia.com\/da\/wp-json\/wp\/v2\/types\/product"}],"replies":[{"embeddable":true,"href":"https:\/\/aromasentia.com\/da\/wp-json\/wp\/v2\/comments?post=196142"}],"version-history":[{"count":0,"href":"https:\/\/aromasentia.com\/da\/wp-json\/wp\/v2\/product\/196142\/revisions"}],"wp:featuredmedia":[{"embeddable":true,"href":"https:\/\/aromasentia.com\/da\/wp-json\/wp\/v2\/media\/668035"}],"wp:attachment":[{"href":"https:\/\/aromasentia.com\/da\/wp-json\/wp\/v2\/media?parent=196142"}],"wp:term":[{"taxonomy":"product_brand","embeddable":true,"href":"https:\/\/aromasentia.com\/da\/wp-json\/wp\/v2\/product_brand?post=196142"},{"taxonomy":"product_cat","embeddable":true,"href":"https:\/\/aromasentia.com\/da\/wp-json\/wp\/v2\/product_cat?post=196142"},{"taxonomy":"product_tag","embeddable":true,"href":"https:\/\/aromasentia.com\/da\/wp-json\/wp\/v2\/product_tag?post=196142"}],"curies":[{"name":"wp","href":"https:\/\/api.w.org\/{rel}","templated":true}]}}