{"id":196141,"date":"2025-03-23T12:17:27","date_gmt":"2025-03-23T12:17:27","guid":{"rendered":"https:\/\/aromasentia.com\/product\/vintage-deco-multi-purpose-box-22x12x10cm-black-swirls\/"},"modified":"2025-06-22T02:52:03","modified_gmt":"2025-06-22T02:52:03","slug":"vintage-deco-kasse-til-flere-formaal-22x12x10cm-sorte-hvirvler","status":"publish","type":"product","link":"https:\/\/aromasentia.com\/da\/vintage-deco-kasse-til-flere-formaal-22x12x10cm-sorte-hvirvler\/","title":{"rendered":"Vintage Deco &#8211; Kasse Til Flere Form\u00e5l &#8211; 22X12X10cm &#8211; Sorte Hvirvler"},"content":{"rendered":"<p><span style=\"color: rgb(75, 80, 88);\">Fordyb dig i charmen ved vores <strong>Black Swirls Vintage Deco Box<\/strong> \u2013 et blikfang, der g\u00e5r ud over det s\u00e6dvanlige.<\/span> <\/p>\n<p><span style=\"color: rgb(75, 80, 88);\">Den helt sorte \u00e6ske p\u00e5 22x12x10 cm kan prale af detaljeret indgraverede hvirvler p\u00e5 l\u00e5get, der tilf\u00f8jer et strejf af mystik og raffinement til dit rum. Det vintage-inspirerede design og den manglende farve g\u00f8r den til et perfekt supplement til forskellige indretningsstile.<\/span><\/p>\n<p><span style=\"color: rgb(75, 80, 88);\">Ideel til at organisere en r\u00e6kke forskellige ting, <strong>fra smykker og nipsgenstande til kontorartikler<\/strong>, tilf\u00f8jer denne multifunktionelle \u00e6ske et strejf af nostalgi til dine opbevaringsl\u00f8sninger. &nbsp;<\/span><\/p>\n<p><span style=\"color: rgb(75, 80, 88);\"><strong>M\u00e5l:<\/strong>&nbsp;<\/span><em><span style=\"color: rgb(75, 80, 88);\">22x12x10cm<\/span><\/em><\/p>\n","protected":false},"excerpt":{"rendered":"<p>Fordyb dig i charmen ved vores Black Swirls Vintage Deco Box \u2013 et blikfang, der g\u00e5r ud over det s\u00e6dvanlige. Den helt sorte \u00e6ske p\u00e5 22x12x10 cm kan prale af detaljeret indgraverede hvirvler p\u00e5 l\u00e5get, der tilf\u00f8jer et strejf af mystik og raffinement til dit rum. Det vintage-inspirerede design og den manglende farve g\u00f8r den [&hellip;]<\/p>\n","protected":false},"featured_media":668028,"comment_status":"closed","ping_status":"open","template":"","meta":[],"product_brand":[],"product_cat":[5582,5583],"product_tag":[],"class_list":{"0":"post-196141","1":"product","2":"type-product","3":"status-publish","4":"has-post-thumbnail","6":"product_cat-gaveindpakning","7":"product_cat-gaveopbevaring-og-traeaesker","8":"pa_collection-vintage-deco-boxes-da","9":"pa_made-in-indien","11":"first","12":"instock","13":"purchasable","14":"product-type-simple"},"supplier_id":null,"supplier_sku":"VDBox-03","barcode":null,"atum_controlled":true,"out_stock_date":null,"out_stock_threshold":null,"inheritable":false,"inbound_stock":null,"stock_on_hold":0,"sold_today":0,"sales_last_days":0,"reserved_stock":null,"customer_returns":null,"warehouse_damage":null,"lost_in_post":null,"other_logs":null,"out_stock_days":0,"lost_sales":0,"has_location":null,"update_date":"2026-02-06T00:01:47","atum_locations":[],"atum_stock_status":"instock","restock_status":false,"low_stock_amount":"","sales_update_date":"2026-02-06T00:01:47","calc_backorders":null,"_links":{"self":[{"href":"https:\/\/aromasentia.com\/da\/wp-json\/wp\/v2\/product\/196141","targetHints":{"allow":["GET"]}}],"collection":[{"href":"https:\/\/aromasentia.com\/da\/wp-json\/wp\/v2\/product"}],"about":[{"href":"https:\/\/aromasentia.com\/da\/wp-json\/wp\/v2\/types\/product"}],"replies":[{"embeddable":true,"href":"https:\/\/aromasentia.com\/da\/wp-json\/wp\/v2\/comments?post=196141"}],"version-history":[{"count":0,"href":"https:\/\/aromasentia.com\/da\/wp-json\/wp\/v2\/product\/196141\/revisions"}],"wp:featuredmedia":[{"embeddable":true,"href":"https:\/\/aromasentia.com\/da\/wp-json\/wp\/v2\/media\/668028"}],"wp:attachment":[{"href":"https:\/\/aromasentia.com\/da\/wp-json\/wp\/v2\/media?parent=196141"}],"wp:term":[{"taxonomy":"product_brand","embeddable":true,"href":"https:\/\/aromasentia.com\/da\/wp-json\/wp\/v2\/product_brand?post=196141"},{"taxonomy":"product_cat","embeddable":true,"href":"https:\/\/aromasentia.com\/da\/wp-json\/wp\/v2\/product_cat?post=196141"},{"taxonomy":"product_tag","embeddable":true,"href":"https:\/\/aromasentia.com\/da\/wp-json\/wp\/v2\/product_tag?post=196141"}],"curies":[{"name":"wp","href":"https:\/\/api.w.org\/{rel}","templated":true}]}}