{"id":196140,"date":"2025-03-23T12:17:27","date_gmt":"2025-03-23T12:17:27","guid":{"rendered":"https:\/\/aromasentia.com\/product\/vintage-deco-multi-purpose-box-22x12x10cm-white-diamonds\/"},"modified":"2025-06-22T02:52:03","modified_gmt":"2025-06-22T02:52:03","slug":"vintage-deco-aeske-til-flere-formaal-22x12x10cm-hvide-diamanter","status":"publish","type":"product","link":"https:\/\/aromasentia.com\/da\/vintage-deco-aeske-til-flere-formaal-22x12x10cm-hvide-diamanter\/","title":{"rendered":"Vintage Deco &#8211; \u00c6ske Til Flere Form\u00e5l &#8211; 22X12X10cm &#8211; Hvide Diamanter"},"content":{"rendered":"<p><span style=\"color: rgb(75, 80, 88);\">Omfavn renheden i designet med vores **White Diamonds Vintage Deco Box**.<\/strong><\/span><\/p>\n<p><span style=\"color: rgb(75, 80, 88);\">Denne \u00e6ske p\u00e5 22x12x10 cm, helt i hvid, har et fascinerende m\u00f8nster p\u00e5 l\u00e5get. Den indgraverede tekstur tilf\u00f8jer dybde, hvilket g\u00f8r den til mere end bare en beholder \u2013 den bliver et kunstv\u00e6rk. Det vintage-inspirerede design og den hvidkalkede farve g\u00f8r den til et perfekt supplement til forskellige indretningsstile.<\/span><\/p>\n<p><span style=\"color: rgb(75, 80, 88);\">Ideel til at organisere en r\u00e6kke forskellige genstande, **fra smykker og nipsgenstande til kontorartikler**, tilf\u00f8jer denne multifunktionelle \u00e6ske et strejf af nostalgi til dine opbevaringsl\u00f8sninger. &nbsp;<\/span><\/p>\n<p><span style=\"color: rgb(75, 80, 88);\"><strong>M\u00e5l:<\/strong>&nbsp;<\/span><em><span style=\"color: rgb(75, 80, 88);\">22x12x10cm<\/span><\/em><\/p>\n","protected":false},"excerpt":{"rendered":"<p>Omfavn renheden i designet med vores **White Diamonds Vintage Deco Box**. Denne \u00e6ske p\u00e5 22x12x10 cm, helt i hvid, har et fascinerende m\u00f8nster p\u00e5 l\u00e5get. Den indgraverede tekstur tilf\u00f8jer dybde, hvilket g\u00f8r den til mere end bare en beholder \u2013 den bliver et kunstv\u00e6rk. Det vintage-inspirerede design og den hvidkalkede farve g\u00f8r den til et [&hellip;]<\/p>\n","protected":false},"featured_media":667723,"comment_status":"closed","ping_status":"open","template":"","meta":[],"product_brand":[],"product_cat":[5582,5583],"product_tag":[],"class_list":{"0":"post-196140","1":"product","2":"type-product","3":"status-publish","4":"has-post-thumbnail","6":"product_cat-gaveindpakning","7":"product_cat-gaveopbevaring-og-traeaesker","8":"pa_collection-vintage-deco-boxes-da","9":"pa_made-in-indien","11":"first","12":"instock","13":"purchasable","14":"product-type-simple"},"supplier_id":null,"supplier_sku":"VDBox-02","barcode":null,"atum_controlled":true,"out_stock_date":null,"out_stock_threshold":null,"inheritable":false,"inbound_stock":null,"stock_on_hold":0,"sold_today":0,"sales_last_days":0,"reserved_stock":null,"customer_returns":null,"warehouse_damage":null,"lost_in_post":null,"other_logs":null,"out_stock_days":0,"lost_sales":0,"has_location":null,"update_date":"2026-01-30T01:25:47","atum_locations":[],"atum_stock_status":"instock","restock_status":false,"low_stock_amount":"","sales_update_date":"2026-01-30T01:25:47","calc_backorders":null,"_links":{"self":[{"href":"https:\/\/aromasentia.com\/da\/wp-json\/wp\/v2\/product\/196140","targetHints":{"allow":["GET"]}}],"collection":[{"href":"https:\/\/aromasentia.com\/da\/wp-json\/wp\/v2\/product"}],"about":[{"href":"https:\/\/aromasentia.com\/da\/wp-json\/wp\/v2\/types\/product"}],"replies":[{"embeddable":true,"href":"https:\/\/aromasentia.com\/da\/wp-json\/wp\/v2\/comments?post=196140"}],"version-history":[{"count":0,"href":"https:\/\/aromasentia.com\/da\/wp-json\/wp\/v2\/product\/196140\/revisions"}],"wp:featuredmedia":[{"embeddable":true,"href":"https:\/\/aromasentia.com\/da\/wp-json\/wp\/v2\/media\/667723"}],"wp:attachment":[{"href":"https:\/\/aromasentia.com\/da\/wp-json\/wp\/v2\/media?parent=196140"}],"wp:term":[{"taxonomy":"product_brand","embeddable":true,"href":"https:\/\/aromasentia.com\/da\/wp-json\/wp\/v2\/product_brand?post=196140"},{"taxonomy":"product_cat","embeddable":true,"href":"https:\/\/aromasentia.com\/da\/wp-json\/wp\/v2\/product_cat?post=196140"},{"taxonomy":"product_tag","embeddable":true,"href":"https:\/\/aromasentia.com\/da\/wp-json\/wp\/v2\/product_tag?post=196140"}],"curies":[{"name":"wp","href":"https:\/\/api.w.org\/{rel}","templated":true}]}}