{"id":196138,"date":"2025-03-23T12:17:27","date_gmt":"2025-03-23T12:17:27","guid":{"rendered":"https:\/\/aromasentia.com\/product\/tree-of-life-dreamcatcher-16cm-assorted\/"},"modified":"2025-06-22T02:52:02","modified_gmt":"2025-06-22T02:52:02","slug":"livets-trae-droemmefangere-16cm-assorteret","status":"publish","type":"product","link":"https:\/\/aromasentia.com\/da\/livets-trae-droemmefangere-16cm-assorteret\/","title":{"rendered":"Livets Tr\u00e6 Dr\u00f8mmefangere &#8211; 16cm (Assorteret)"},"content":{"rendered":"<p>Indf\u00f8dte amerikanere tror, at natten bringer gode og d\u00e5rlige dr\u00f8mme. Dr\u00f8mmefangeren, n\u00e5r den h\u00e6nges n\u00e6r din seng, fanger dr\u00f8mmene. De gode dr\u00f8mme ved, hvordan de skal passere gennem dr\u00f8mmefangeren, mens de d\u00e5rlige dr\u00f8mme, der ikke kender vejen, bliver viklet ind i dr\u00f8mmefangeren og forsvinder ved daggryets f\u00f8rste lys.<\/p>\n<p>P\u00e5 Bali er de lokale i t\u00e6t kontakt med \u00e5ndeverdenen og har adopteret dr\u00f8mmefangeren og fornyet dens kraft.<\/p>\n<p>Denne dr\u00f8mmefanger er lavet med k\u00e6rlighed og velsignelser. Sov s\u00f8dt.<\/p>\n<p>Dr\u00f8mmefangerens v\u00e6gt er 66 g.<\/p>\n<p>St\u00f8rrelse: Diameter 16 cm, l\u00e6ngde 48 cm.<\/p>\n","protected":false},"excerpt":{"rendered":"<p>Indf\u00f8dte amerikanere tror, at natten bringer gode og d\u00e5rlige dr\u00f8mme. Dr\u00f8mmefangeren, n\u00e5r den h\u00e6nges n\u00e6r din seng, fanger dr\u00f8mmene. De gode dr\u00f8mme ved, hvordan de skal passere gennem dr\u00f8mmefangeren, mens de d\u00e5rlige dr\u00f8mme, der ikke kender vejen, bliver viklet ind i dr\u00f8mmefangeren og forsvinder ved daggryets f\u00f8rste lys. P\u00e5 Bali er de lokale i t\u00e6t [&hellip;]<\/p>\n","protected":false},"featured_media":667543,"comment_status":"closed","ping_status":"open","template":"","meta":[],"product_brand":[],"product_cat":[5591,5592,5571],"product_tag":[],"class_list":{"0":"post-196138","1":"product","2":"type-product","3":"status-publish","4":"has-post-thumbnail","6":"product_cat-hjem-og-have","7":"product_cat-macrame-og-drommefangere","8":"product_cat-vintagegaver-og-souvenirs","9":"pa_collection-macrame-dreamcatcher-tree-of-life-da","10":"pa_made-in-indonesien","12":"first","13":"instock","14":"purchasable","15":"product-type-simple"},"supplier_id":null,"supplier_sku":"TOLD-02","barcode":null,"atum_controlled":true,"out_stock_date":null,"out_stock_threshold":null,"inheritable":false,"inbound_stock":null,"stock_on_hold":0,"sold_today":0,"sales_last_days":0,"reserved_stock":null,"customer_returns":null,"warehouse_damage":null,"lost_in_post":null,"other_logs":null,"out_stock_days":0,"lost_sales":0,"has_location":null,"update_date":"2026-01-30T01:26:34","atum_locations":[],"atum_stock_status":"instock","restock_status":false,"low_stock_amount":"","sales_update_date":"2026-01-30T01:26:34","calc_backorders":null,"_links":{"self":[{"href":"https:\/\/aromasentia.com\/da\/wp-json\/wp\/v2\/product\/196138","targetHints":{"allow":["GET"]}}],"collection":[{"href":"https:\/\/aromasentia.com\/da\/wp-json\/wp\/v2\/product"}],"about":[{"href":"https:\/\/aromasentia.com\/da\/wp-json\/wp\/v2\/types\/product"}],"replies":[{"embeddable":true,"href":"https:\/\/aromasentia.com\/da\/wp-json\/wp\/v2\/comments?post=196138"}],"version-history":[{"count":0,"href":"https:\/\/aromasentia.com\/da\/wp-json\/wp\/v2\/product\/196138\/revisions"}],"wp:featuredmedia":[{"embeddable":true,"href":"https:\/\/aromasentia.com\/da\/wp-json\/wp\/v2\/media\/667543"}],"wp:attachment":[{"href":"https:\/\/aromasentia.com\/da\/wp-json\/wp\/v2\/media?parent=196138"}],"wp:term":[{"taxonomy":"product_brand","embeddable":true,"href":"https:\/\/aromasentia.com\/da\/wp-json\/wp\/v2\/product_brand?post=196138"},{"taxonomy":"product_cat","embeddable":true,"href":"https:\/\/aromasentia.com\/da\/wp-json\/wp\/v2\/product_cat?post=196138"},{"taxonomy":"product_tag","embeddable":true,"href":"https:\/\/aromasentia.com\/da\/wp-json\/wp\/v2\/product_tag?post=196138"}],"curies":[{"name":"wp","href":"https:\/\/api.w.org\/{rel}","templated":true}]}}