{"id":196129,"date":"2025-03-23T12:22:08","date_gmt":"2025-03-23T12:22:08","guid":{"rendered":"https:\/\/aromasentia.com\/product\/medium-notebook-with-strap-chakra-mandala\/"},"modified":"2025-06-22T02:51:55","modified_gmt":"2025-06-22T02:51:55","slug":"medium-notesbog-med-rem-chakra-mandala","status":"publish","type":"product","link":"https:\/\/aromasentia.com\/da\/medium-notesbog-med-rem-chakra-mandala\/","title":{"rendered":"Medium Notesbog med Rem &#8211; Chakra Mandala"},"content":{"rendered":"<p><span style=\"color: rgb(75, 80, 88);\"><strong>Mellemstor<\/strong> <strong>Notesbog med rem &#8211; Chakra Mandala&nbsp;<\/strong>er virkelig fantastisk og unik. H\u00e5ndlavet af indisk vegetabilsk garvet l\u00e6der og papir.<\/span><\/p>\n<p><span style=\"color: rgb(75, 80, 88);\">Vegetabilsk garvning var den vigtigste garvningsmetode indtil det 20. \u00e5rhundrede og vokser i betydning igen nu. Den bruger ekstrakter af bark, blade, frugter, b\u00e6r, r\u00f8dder og tr\u00e6. Denne garvningsmetode er sikker for milj\u00f8et og l\u00e6derarbejdere.<\/span><\/p>\n<p><span style=\"color: rgb(75, 80, 88);\">Vegetabilsk garvet l\u00e6der f\u00e5r lov til at \u00e5nde. Det kan tage op til 2 uger at t\u00f8rre, indtil det f\u00e5r en flot beige farve. Naturens elementer siver ind i dets \u00e5restruktur over tid og forst\u00e6rker dets autentiske og jordagtige karakter. Denne notesbog vil \u00e6ldes smukt med tiden.<\/span><\/p>\n<p><span style=\"color: rgb(75, 80, 88);\">Du kan m\u00e5ske ogs\u00e5 lide vores&nbsp;<\/span><a href=\"https:\/\/aromasentia.com\/msj\"><span style=\"color: rgb(75, 80, 88);\"><strong>H\u00e5ndlavede l\u00e6dernotesb\u00f8ger<\/strong><\/span><\/a><span style=\"color: rgb(75, 80, 88);\">&nbsp;eller&nbsp;<\/span><a href=\"https:\/\/aromasentia.com\/pnb\"><span style=\"color: rgb(75, 80, 88);\"><strong>Designernotesb\u00f8ger.<\/strong><\/span><\/a><\/p>\n<p><span style=\"color: rgb(75, 80, 88);\">Notesbogen har en god st\u00f8rrelse, har rem og vil v\u00e6re et godt valg i enhver gavebutik. Den indeholder ulinjerede sider, s\u00e5 dine kunder kan skrive eller tegne; trykte linjer begr\u00e6nser ikke deres kreativitet \ud83d\ude42<\/span><\/p>\n<p><span style=\"color: rgb(75, 80, 88);\"><em><strong>* Kromfri * Blyfri * Azofri * GI-m\u00e6rke aktiveret * Milj\u00f8venlig * H\u00e5ndlavet *<\/strong><\/em><\/span><\/p>\n<p><span style=\"color: rgb(141, 186, 216);\"><strong>S\u00e5 noter dig og book nogle ekstra salg. L\u00e6g det op i dag.<\/strong><\/span><\/p>\n","protected":false},"excerpt":{"rendered":"<p>Mellemstor Notesbog med rem &#8211; Chakra Mandala&nbsp;er virkelig fantastisk og unik. H\u00e5ndlavet af indisk vegetabilsk garvet l\u00e6der og papir. Vegetabilsk garvning var den vigtigste garvningsmetode indtil det 20. \u00e5rhundrede og vokser i betydning igen nu. Den bruger ekstrakter af bark, blade, frugter, b\u00e6r, r\u00f8dder og tr\u00e6. Denne garvningsmetode er sikker for milj\u00f8et og l\u00e6derarbejdere. Vegetabilsk [&hellip;]<\/p>\n","protected":false},"featured_media":668140,"comment_status":"closed","ping_status":"open","template":"","meta":[],"product_brand":[],"product_cat":[5576,5571],"product_tag":[],"class_list":{"0":"post-196129","1":"product","2":"type-product","3":"status-publish","4":"has-post-thumbnail","6":"product_cat-notesboger","7":"product_cat-vintagegaver-og-souvenirs","8":"pa_collection-vegetable-tanned-leather-notebooks-da","9":"pa_made-in-indien","11":"first","12":"instock","13":"purchasable","14":"product-type-simple"},"supplier_id":null,"supplier_sku":"VNB-08","barcode":null,"atum_controlled":true,"out_stock_date":null,"out_stock_threshold":null,"inheritable":false,"inbound_stock":0,"stock_on_hold":0,"sold_today":0,"sales_last_days":0,"reserved_stock":0,"customer_returns":0,"warehouse_damage":0,"lost_in_post":0,"other_logs":0,"out_stock_days":0,"lost_sales":0,"has_location":false,"update_date":"2026-02-11T08:27:24","atum_locations":[],"atum_stock_status":"instock","restock_status":false,"low_stock_amount":"","sales_update_date":"2026-01-30T01:25:01","calc_backorders":null,"_links":{"self":[{"href":"https:\/\/aromasentia.com\/da\/wp-json\/wp\/v2\/product\/196129","targetHints":{"allow":["GET"]}}],"collection":[{"href":"https:\/\/aromasentia.com\/da\/wp-json\/wp\/v2\/product"}],"about":[{"href":"https:\/\/aromasentia.com\/da\/wp-json\/wp\/v2\/types\/product"}],"replies":[{"embeddable":true,"href":"https:\/\/aromasentia.com\/da\/wp-json\/wp\/v2\/comments?post=196129"}],"version-history":[{"count":0,"href":"https:\/\/aromasentia.com\/da\/wp-json\/wp\/v2\/product\/196129\/revisions"}],"wp:featuredmedia":[{"embeddable":true,"href":"https:\/\/aromasentia.com\/da\/wp-json\/wp\/v2\/media\/668140"}],"wp:attachment":[{"href":"https:\/\/aromasentia.com\/da\/wp-json\/wp\/v2\/media?parent=196129"}],"wp:term":[{"taxonomy":"product_brand","embeddable":true,"href":"https:\/\/aromasentia.com\/da\/wp-json\/wp\/v2\/product_brand?post=196129"},{"taxonomy":"product_cat","embeddable":true,"href":"https:\/\/aromasentia.com\/da\/wp-json\/wp\/v2\/product_cat?post=196129"},{"taxonomy":"product_tag","embeddable":true,"href":"https:\/\/aromasentia.com\/da\/wp-json\/wp\/v2\/product_tag?post=196129"}],"curies":[{"name":"wp","href":"https:\/\/api.w.org\/{rel}","templated":true}]}}