{"id":196122,"date":"2025-03-23T12:22:33","date_gmt":"2025-03-23T12:22:33","guid":{"rendered":"https:\/\/aromasentia.com\/product\/white-washed-wooden-box-pill-box-slavic-design\/"},"modified":"2025-06-22T02:51:53","modified_gmt":"2025-06-22T02:51:53","slug":"hvidvasket-traeaeske-pilleaeske-i-slavisk-design","status":"publish","type":"product","link":"https:\/\/aromasentia.com\/da\/hvidvasket-traeaeske-pilleaeske-i-slavisk-design\/","title":{"rendered":"Hvidvasket Tr\u00e6\u00e6ske &#8211; Pille\u00e6ske I Slavisk Design"},"content":{"rendered":"<p>Aroma Sentia-ping Hvidvasket Tr\u00e6\u00e6ske &#8211; Pille\u00e6ske Slavisk Design vil se smuk ud i sovev\u00e6relset eller p\u00e5kl\u00e6dningsv\u00e6relset&#8230; eller egentlig ethvert rum.<\/p>\n<p>Disse er udsk\u00e5rne mangotr\u00e6\u00e6sker, h\u00e5ndlavede i Indien. Det smukke tr\u00e6 med rig \u00e5rem\u00f8nster og naturlig farve vil fange dine kunders opm\u00e6rksomhed. Dine kunder kan bruge dem til ompakning af gaver eller som smykke\u00e6sker, ogs\u00e5 ideelle til opbevaring af piller (1,4).<\/p>\n<p>De er lette \u00e6sker, nemme at \u00e5bne og lukke, meget praktiske og funktionelle, og ogs\u00e5 meget elegante.<\/p>\n<p>V\u00e6r opm\u00e6rksom p\u00e5, at designene p\u00e5 grund af disse \u00e6skers h\u00e5ndlavede natur kan variere<\/p>\n<p><strong><span style=\"color: rgb(184, 49, 47);\">S\u00e6lges godt n\u00e5r som helst p\u00e5 \u00e5ret. F\u00e5 et par ekstra nye kunder ind for at \u00f8ge salget og tilf\u00f8j denne elegante produktlinje til dit e-shop-tilbud.<\/span><\/strong><\/p>\n<p><span style=\"color: rgb(0, 0, 0);\"><\/span><strong><span style=\"color: rgb(0, 0, 0);\">St\u00f8rrelse: 8,5&#215;5,5&#215;4 (cm)<\/span><\/strong><\/p>\n","protected":false},"excerpt":{"rendered":"<p>Aroma Sentia-ping Hvidvasket Tr\u00e6\u00e6ske &#8211; Pille\u00e6ske Slavisk Design vil se smuk ud i sovev\u00e6relset eller p\u00e5kl\u00e6dningsv\u00e6relset&#8230; eller egentlig ethvert rum. Disse er udsk\u00e5rne mangotr\u00e6\u00e6sker, h\u00e5ndlavede i Indien. Det smukke tr\u00e6 med rig \u00e5rem\u00f8nster og naturlig farve vil fange dine kunders opm\u00e6rksomhed. Dine kunder kan bruge dem til ompakning af gaver eller som smykke\u00e6sker, ogs\u00e5 ideelle [&hellip;]<\/p>\n","protected":false},"featured_media":668493,"comment_status":"closed","ping_status":"open","template":"","meta":[],"product_brand":[],"product_cat":[5582,5583],"product_tag":[],"class_list":{"0":"post-196122","1":"product","2":"type-product","3":"status-publish","4":"has-post-thumbnail","6":"product_cat-gaveindpakning","7":"product_cat-gaveopbevaring-og-traeaesker","8":"pa_collection-white-washed-wooden-box-da","9":"pa_made-in-indien","11":"first","12":"instock","13":"purchasable","14":"product-type-simple"},"supplier_id":null,"supplier_sku":"WWIB-01","barcode":null,"atum_controlled":true,"out_stock_date":null,"out_stock_threshold":null,"inheritable":false,"inbound_stock":0,"stock_on_hold":0,"sold_today":0,"sales_last_days":0,"reserved_stock":0,"customer_returns":0,"warehouse_damage":0,"lost_in_post":0,"other_logs":0,"out_stock_days":0,"lost_sales":0,"has_location":false,"update_date":"2026-02-06T00:00:45","atum_locations":[],"atum_stock_status":"instock","restock_status":false,"low_stock_amount":"","sales_update_date":"2026-02-06T00:00:45","calc_backorders":null,"_links":{"self":[{"href":"https:\/\/aromasentia.com\/da\/wp-json\/wp\/v2\/product\/196122","targetHints":{"allow":["GET"]}}],"collection":[{"href":"https:\/\/aromasentia.com\/da\/wp-json\/wp\/v2\/product"}],"about":[{"href":"https:\/\/aromasentia.com\/da\/wp-json\/wp\/v2\/types\/product"}],"replies":[{"embeddable":true,"href":"https:\/\/aromasentia.com\/da\/wp-json\/wp\/v2\/comments?post=196122"}],"version-history":[{"count":0,"href":"https:\/\/aromasentia.com\/da\/wp-json\/wp\/v2\/product\/196122\/revisions"}],"wp:featuredmedia":[{"embeddable":true,"href":"https:\/\/aromasentia.com\/da\/wp-json\/wp\/v2\/media\/668493"}],"wp:attachment":[{"href":"https:\/\/aromasentia.com\/da\/wp-json\/wp\/v2\/media?parent=196122"}],"wp:term":[{"taxonomy":"product_brand","embeddable":true,"href":"https:\/\/aromasentia.com\/da\/wp-json\/wp\/v2\/product_brand?post=196122"},{"taxonomy":"product_cat","embeddable":true,"href":"https:\/\/aromasentia.com\/da\/wp-json\/wp\/v2\/product_cat?post=196122"},{"taxonomy":"product_tag","embeddable":true,"href":"https:\/\/aromasentia.com\/da\/wp-json\/wp\/v2\/product_tag?post=196122"}],"curies":[{"name":"wp","href":"https:\/\/api.w.org\/{rel}","templated":true}]}}