{"id":196119,"date":"2025-03-23T12:23:31","date_gmt":"2025-03-23T12:23:31","guid":{"rendered":"https:\/\/aromasentia.com\/product\/handcarved-yoga-cat-lotus\/"},"modified":"2025-06-22T02:51:52","modified_gmt":"2025-06-22T02:51:52","slug":"haandskaaret-yogakat-lotus","status":"publish","type":"product","link":"https:\/\/aromasentia.com\/da\/haandskaaret-yogakat-lotus\/","title":{"rendered":"H\u00e5ndsk\u00e5ret Yogakat &#8211; Lotus"},"content":{"rendered":"<p>Meget unik og original, denne yogakat af tr\u00e6 vil v\u00e6re en fantastisk tilf\u00f8jelse til enhver gavebutik, ethvert hjem og enhver yoga-elsker.<\/p>\n<p>Denne st\u00e5ende tr\u00e6kat praktiserer hinduistisk yoga i en skulptur af indonesiske h\u00e5ndv\u00e6rkere, mens den ind\u00e5nder og ud\u00e5nder dybt.<\/p>\n<p>Dette yoga-mesterv\u00e6rk er udsk\u00e5ret af suar-tr\u00e6 i h\u00e5nden, s\u00e5 selvom det er udsk\u00e5ret i en lignende stilling, er hver tr\u00e6udsk\u00e6ring unik og forskellig fra andre.<\/p>\n<p><\/p>\n<p>Perfekt boligdekoration og en bet\u00e6nksom gave&#8230;.<\/p>\n","protected":false},"excerpt":{"rendered":"<p>Meget unik og original, denne yogakat af tr\u00e6 vil v\u00e6re en fantastisk tilf\u00f8jelse til enhver gavebutik, ethvert hjem og enhver yoga-elsker. Denne st\u00e5ende tr\u00e6kat praktiserer hinduistisk yoga i en skulptur af indonesiske h\u00e5ndv\u00e6rkere, mens den ind\u00e5nder og ud\u00e5nder dybt. Dette yoga-mesterv\u00e6rk er udsk\u00e5ret af suar-tr\u00e6 i h\u00e5nden, s\u00e5 selvom det er udsk\u00e5ret i en lignende [&hellip;]<\/p>\n","protected":false},"featured_media":442131,"comment_status":"closed","ping_status":"open","template":"","meta":[],"product_brand":[],"product_cat":[5570,5571],"product_tag":[],"class_list":{"0":"post-196119","1":"product","2":"type-product","3":"status-publish","4":"has-post-thumbnail","6":"product_cat-feng-shui-og-tibetanske-kollektioner","7":"product_cat-vintagegaver-og-souvenirs","8":"pa_collection-hand-carved-yoga-cat-da","9":"pa_made-in-indonesien","11":"first","12":"outofstock","13":"purchasable","14":"product-type-simple"},"supplier_id":null,"supplier_sku":"WYC-03","barcode":null,"atum_controlled":true,"out_stock_date":"2025-10-23 21:13:31","out_stock_threshold":null,"inheritable":false,"inbound_stock":0,"stock_on_hold":0,"sold_today":0,"sales_last_days":0,"reserved_stock":0,"customer_returns":0,"warehouse_damage":0,"lost_in_post":0,"other_logs":0,"out_stock_days":98,"lost_sales":0,"has_location":false,"update_date":"2026-01-30T01:24:21","atum_locations":[],"atum_stock_status":"outofstock","restock_status":false,"low_stock_amount":"","sales_update_date":"2026-01-30T01:24:21","calc_backorders":null,"_links":{"self":[{"href":"https:\/\/aromasentia.com\/da\/wp-json\/wp\/v2\/product\/196119","targetHints":{"allow":["GET"]}}],"collection":[{"href":"https:\/\/aromasentia.com\/da\/wp-json\/wp\/v2\/product"}],"about":[{"href":"https:\/\/aromasentia.com\/da\/wp-json\/wp\/v2\/types\/product"}],"replies":[{"embeddable":true,"href":"https:\/\/aromasentia.com\/da\/wp-json\/wp\/v2\/comments?post=196119"}],"version-history":[{"count":0,"href":"https:\/\/aromasentia.com\/da\/wp-json\/wp\/v2\/product\/196119\/revisions"}],"wp:featuredmedia":[{"embeddable":true,"href":"https:\/\/aromasentia.com\/da\/wp-json\/wp\/v2\/media\/442131"}],"wp:attachment":[{"href":"https:\/\/aromasentia.com\/da\/wp-json\/wp\/v2\/media?parent=196119"}],"wp:term":[{"taxonomy":"product_brand","embeddable":true,"href":"https:\/\/aromasentia.com\/da\/wp-json\/wp\/v2\/product_brand?post=196119"},{"taxonomy":"product_cat","embeddable":true,"href":"https:\/\/aromasentia.com\/da\/wp-json\/wp\/v2\/product_cat?post=196119"},{"taxonomy":"product_tag","embeddable":true,"href":"https:\/\/aromasentia.com\/da\/wp-json\/wp\/v2\/product_tag?post=196119"}],"curies":[{"name":"wp","href":"https:\/\/api.w.org\/{rel}","templated":true}]}}