{"id":251180,"date":"2025-05-20T02:08:54","date_gmt":"2025-05-20T02:08:54","guid":{"rendered":"https:\/\/aromasentia.com\/forsendelse-og-levering\/"},"modified":"2025-11-14T11:00:59","modified_gmt":"2025-11-14T11:00:59","slug":"forsendelse-og-levering","status":"publish","type":"page","link":"https:\/\/aromasentia.com\/da\/forsendelse-og-levering\/","title":{"rendered":"Forsendelse og Levering"},"content":{"rendered":"\t\t<div data-elementor-type=\"wp-page\" data-elementor-id=\"251180\" class=\"elementor elementor-251180 elementor-251058\" data-elementor-post-type=\"page\">\n\t\t\t\t<div class=\"elementor-element elementor-element-1be6122 e-flex e-con-boxed e-con e-parent\" data-id=\"1be6122\" data-element_type=\"container\" data-e-type=\"container\" data-settings=\"{&quot;background_background&quot;:&quot;classic&quot;,&quot;ekit_has_onepagescroll_dot&quot;:&quot;yes&quot;}\">\n\t\t\t\t\t<div class=\"e-con-inner\">\n\t\t<div class=\"elementor-element elementor-element-7d0c2f2 e-con-full e-flex e-con e-child\" data-id=\"7d0c2f2\" data-element_type=\"container\" data-e-type=\"container\" data-settings=\"{&quot;ekit_has_onepagescroll_dot&quot;:&quot;yes&quot;}\">\n\t\t\t\t<div class=\"elementor-element elementor-element-be1f77b elementor-widget elementor-widget-heading\" data-id=\"be1f77b\" data-element_type=\"widget\" data-e-type=\"widget\" data-settings=\"{&quot;ekit_we_effect_on&quot;:&quot;none&quot;}\" data-widget_type=\"heading.default\">\n\t\t\t\t\t<h1 class=\"elementor-heading-title elementor-size-default\">Forsendelse og Levering<\/h1>\t\t\t\t<\/div>\n\t\t\t\t<\/div>\n\t\t\t\t\t<\/div>\n\t\t\t\t<\/div>\n\t\t<div class=\"elementor-element elementor-element-3354d164 e-flex e-con-boxed e-con e-parent\" data-id=\"3354d164\" data-element_type=\"container\" data-e-type=\"container\" data-settings=\"{&quot;ekit_has_onepagescroll_dot&quot;:&quot;yes&quot;}\">\n\t\t\t\t\t<div class=\"e-con-inner\">\n\t\t\t\t<div class=\"elementor-element elementor-element-6319d0e elementor-widget elementor-widget-elementskit-heading\" data-id=\"6319d0e\" data-element_type=\"widget\" data-e-type=\"widget\" data-settings=\"{&quot;ekit_we_effect_on&quot;:&quot;none&quot;}\" data-widget_type=\"elementskit-heading.default\">\n\t\t\t\t\t<div class=\"ekit-wid-con\" ><div class=\"ekit-heading elementskit-section-title-wraper text_left   ekit_heading_tablet-   ekit_heading_mobile-\"><h2 class=\"ekit-heading--title elementskit-section-title \">Forsendelse og Levering<\/h2><div class=\"ekit_heading_separetor_wraper ekit_heading_elementskit-border-divider ekit-dotted\"><div class=\"elementskit-border-divider ekit-dotted\"><\/div><\/div>\t\t\t\t<div class='ekit-heading__description'>\n\t\t\t\t\t<p>Vi leverer hurtigt og p\u00e5lideligt i hele EU. Ordrer behandles typisk inden for 2-3 arbejdsdage og inkluderer sporing, n\u00e5r de er afsendt. Forsendelsesomkostningerne beregnes ved kassen baseret p\u00e5 din placering og den valgte leveringsmetode. Gratis forsendelse kan v\u00e6re tilg\u00e6ngelig p\u00e5 kvalificerende ordrer.   <\/p>\n\t\t\t\t<\/div>\n\t\t\t<\/div><\/div>\t\t\t\t<\/div>\n\t\t\t\t<div class=\"elementor-element elementor-element-56a6cdb0 elementor-widget__width-inherit elementor-widget elementor-widget-elementskit-table\" data-id=\"56a6cdb0\" data-element_type=\"widget\" data-e-type=\"widget\" data-settings=\"{&quot;ekit_we_effect_on&quot;:&quot;none&quot;}\" data-widget_type=\"elementskit-table.default\">\n\t\t\t\t<div class=\"elementor-widget-container\">\n\t\t\t\t\t<div class=\"ekit-wid-con\" >\n<div class=\"ekit_table display  ekit_table_data_type-custom\"\n\tdata-settings=\"{&quot;fixedHeader&quot;:false,&quot;search&quot;:false,&quot;search_placeholder&quot;:&quot;&quot;,&quot;responsive&quot;:true,&quot;pagination&quot;:false,&quot;button&quot;:false,&quot;entries&quot;:false,&quot;info&quot;:false,&quot;info_text&quot;:&quot;&quot;,&quot;entries_text&quot;:&quot;&quot;,&quot;ordering&quot;:false,&quot;searchIcon&quot;:&quot;&quot;,&quot;item_per_page&quot;:4,&quot;nav_style&quot;:&quot;&quot;,&quot;prev_text&quot;:&quot;&quot;,&quot;next_text&quot;:&quot;&quot;,&quot;prev_arrow&quot;:&quot;&quot;,&quot;next_arrow&quot;:&quot;&quot;}\">\n\t<table id=\"ekit-table-container-56a6cdb0\" class=\"display dataTable\" style=\"width:100%\"><thead><tr>\t<th class=\"elementor-repeater-item-1a6aa3a\">\n\t\t<div\n\t\t\tclass=\"ekit_table_item_container  ekit-table-container-before \">\n\t\t\tCountry\t\t\t<span class=\"ekit-table-icon ekit-table-icon-before\"> <img decoding=\"async\" width=\"64\" height=\"64\" src=\"https:\/\/aromasentia.com\/wp-content\/uploads\/2025\/05\/country-shipping-b.svg\" class=\"attachment-full size-full\" alt=\"\" title=\"\"><\/span>\t\t<\/div>\n\t<\/th>\n\t\t<th class=\"elementor-repeater-item-c647385\">\n\t\t<div\n\t\t\tclass=\"ekit_table_item_container  ekit-table-container-before \">\n\t\t\tShipping Cost\t\t\t<span class=\"ekit-table-icon ekit-table-icon-before\"> <img decoding=\"async\" width=\"64\" height=\"64\" src=\"https:\/\/aromasentia.com\/wp-content\/uploads\/2025\/05\/Shipping-Cost.svg\" class=\"attachment-full size-full\" alt=\"\" title=\"\"><\/span>\t\t<\/div>\n\t<\/th>\n\t\t<th class=\"elementor-repeater-item-878166b\">\n\t\t<div\n\t\t\tclass=\"ekit_table_item_container  ekit-table-container-before \">\n\t\t\tFree Shipping\t\t\t<span class=\"ekit-table-icon ekit-table-icon-before\"> <img decoding=\"async\" width=\"60\" height=\"60\" src=\"https:\/\/aromasentia.com\/wp-content\/uploads\/2025\/05\/Free-Shipping.svg\" class=\"attachment-full size-full\" alt=\"\" title=\"\"><\/span>\t\t<\/div>\n\t<\/th>\n\t\t<th class=\"elementor-repeater-item-b40b4b8\">\n\t\t<div\n\t\t\tclass=\"ekit_table_item_container  ekit-table-container-before \">\n\t\t\tDelivery Time\t\t\t<span class=\"ekit-table-icon ekit-table-icon-before\"> <img decoding=\"async\" width=\"64\" height=\"64\" src=\"https:\/\/aromasentia.com\/wp-content\/uploads\/2025\/05\/Delivery-Time.svg\" class=\"attachment-full size-full\" alt=\"\" title=\"\"><\/span>\t\t<\/div>\n\t<\/th>\n\t <\/tr><\/thead><tbody><tr>\t<td data-order=\"Danmark\"\n\t\tclass=\"elementor-repeater-item-97a25ad ekit_table_data_\">\n\t\t\n\t\t\t<div\n\t\t\t\tclass=\"ekit_table_body_container ekit_table_data_ ekit_body_align_center\">\n\t\t\t\t<p>Danmark<\/p>\t\t\t<\/div>\n\n\t\t\t\t<\/td>\n\t\t<td data-order=\"67 Kr\"\n\t\tclass=\"elementor-repeater-item-07a7f18 ekit_table_data_\">\n\t\t\n\t\t\t<div\n\t\t\t\tclass=\"ekit_table_body_container ekit_table_data_ ekit_body_align_center\">\n\t\t\t\t<p>67 Kr<\/p>\t\t\t<\/div>\n\n\t\t\t\t<\/td>\n\t\t<td data-order=\"Gratis forsendelse p\u00e5 ordrer fra 499 Kr\"\n\t\tclass=\"elementor-repeater-item-104d722 ekit_table_data_\">\n\t\t\n\t\t\t<div\n\t\t\t\tclass=\"ekit_table_body_container ekit_table_data_ ekit_body_align_center\">\n\t\t\t\t<p>Gratis forsendelse p\u00e5 ordrer fra 499 Kr<\/p>\t\t\t<\/div>\n\n\t\t\t\t<\/td>\n\t\t<td data-order=\"3-4 Arbejdsdage\"\n\t\tclass=\"elementor-repeater-item-adbe7a0 ekit_table_data_\">\n\t\t\n\t\t\t<div\n\t\t\t\tclass=\"ekit_table_body_container ekit_table_data_ ekit_body_align_center\">\n\t\t\t\t<p>3-4 Arbejdsdage<\/p>\t\t\t<\/div>\n\n\t\t\t\t<\/td>\n\t<tr>\t<td data-order=\"Finland\"\n\t\tclass=\"elementor-repeater-item-8febc7c ekit_table_data_\">\n\t\t\n\t\t\t<div\n\t\t\t\tclass=\"ekit_table_body_container ekit_table_data_ ekit_body_align_center\">\n\t\t\t\t<p>Finland<\/p>\t\t\t<\/div>\n\n\t\t\t\t<\/td>\n\t\t<td data-order=\"105 Kr\"\n\t\tclass=\"elementor-repeater-item-87c226f ekit_table_data_\">\n\t\t\n\t\t\t<div\n\t\t\t\tclass=\"ekit_table_body_container ekit_table_data_ ekit_body_align_center\">\n\t\t\t\t<p>105 Kr<\/p>\t\t\t<\/div>\n\n\t\t\t\t<\/td>\n\t\t<td data-order=\"Gratis forsendelse p\u00e5 ordrer fra 599 Kr\"\n\t\tclass=\"elementor-repeater-item-c712859 ekit_table_data_\">\n\t\t\n\t\t\t<div\n\t\t\t\tclass=\"ekit_table_body_container ekit_table_data_ ekit_body_align_center\">\n\t\t\t\t<p>Gratis forsendelse p\u00e5 ordrer fra 599 Kr<\/p>\t\t\t<\/div>\n\n\t\t\t\t<\/td>\n\t\t<td data-order=\"3-4 Arbejdsdage\"\n\t\tclass=\"elementor-repeater-item-71cea9b ekit_table_data_\">\n\t\t\n\t\t\t<div\n\t\t\t\tclass=\"ekit_table_body_container ekit_table_data_ ekit_body_align_center\">\n\t\t\t\t<p>3-4 Arbejdsdage<\/p>\t\t\t<\/div>\n\n\t\t\t\t<\/td>\n\t<tr>\t<td data-order=\"Tyskland\"\n\t\tclass=\"elementor-repeater-item-2fab7a4 ekit_table_data_\">\n\t\t\n\t\t\t<div\n\t\t\t\tclass=\"ekit_table_body_container ekit_table_data_ ekit_body_align_center\">\n\t\t\t\t<p>Tyskland<\/p>\t\t\t<\/div>\n\n\t\t\t\t<\/td>\n\t\t<td data-order=\"45 Kr\"\n\t\tclass=\"elementor-repeater-item-fd23c3a ekit_table_data_\">\n\t\t\n\t\t\t<div\n\t\t\t\tclass=\"ekit_table_body_container ekit_table_data_ ekit_body_align_center\">\n\t\t\t\t<p>45 Kr<\/p>\t\t\t<\/div>\n\n\t\t\t\t<\/td>\n\t\t<td data-order=\"Gratis forsendelse p\u00e5 ordrer fra 449 Kr\"\n\t\tclass=\"elementor-repeater-item-40b815d ekit_table_data_\">\n\t\t\n\t\t\t<div\n\t\t\t\tclass=\"ekit_table_body_container ekit_table_data_ ekit_body_align_center\">\n\t\t\t\t<p>Gratis forsendelse p\u00e5 ordrer fra 449 Kr<\/p>\t\t\t<\/div>\n\n\t\t\t\t<\/td>\n\t\t<td data-order=\"2-3 Arbejdsdage\"\n\t\tclass=\"elementor-repeater-item-5a3680f ekit_table_data_\">\n\t\t\n\t\t\t<div\n\t\t\t\tclass=\"ekit_table_body_container ekit_table_data_ ekit_body_align_center\">\n\t\t\t\t<p>2-3 Arbejdsdage<\/p>\t\t\t<\/div>\n\n\t\t\t\t<\/td>\n\t<tr>\t<td data-order=\"Sverige\"\n\t\tclass=\"elementor-repeater-item-5480e92 ekit_table_data_\">\n\t\t\n\t\t\t<div\n\t\t\t\tclass=\"ekit_table_body_container ekit_table_data_ ekit_body_align_center\">\n\t\t\t\t<p>Sverige<\/p>\t\t\t<\/div>\n\n\t\t\t\t<\/td>\n\t\t<td data-order=\"69 Kr\"\n\t\tclass=\"elementor-repeater-item-bec1507 ekit_table_data_\">\n\t\t\n\t\t\t<div\n\t\t\t\tclass=\"ekit_table_body_container ekit_table_data_ ekit_body_align_center\">\n\t\t\t\t<p>69 Kr<\/p>\t\t\t<\/div>\n\n\t\t\t\t<\/td>\n\t\t<td data-order=\"Gratis forsendelse p\u00e5 ordrer fra 540 Kr\"\n\t\tclass=\"elementor-repeater-item-da1cc5d ekit_table_data_\">\n\t\t\n\t\t\t<div\n\t\t\t\tclass=\"ekit_table_body_container ekit_table_data_ ekit_body_align_center\">\n\t\t\t\t<p>Gratis forsendelse p\u00e5 ordrer fra 540 Kr<\/p>\t\t\t<\/div>\n\n\t\t\t\t<\/td>\n\t\t<td data-order=\"3-4 Arbejdsdage\"\n\t\tclass=\"elementor-repeater-item-360d2c6 ekit_table_data_\">\n\t\t\n\t\t\t<div\n\t\t\t\tclass=\"ekit_table_body_container ekit_table_data_ ekit_body_align_center\">\n\t\t\t\t<p>3-4 Arbejdsdage<\/p>\t\t\t<\/div>\n\n\t\t\t\t<\/td>\n\t <\/tbody><\/table><\/div>\n\n\n\n<\/div>\t\t\t\t<\/div>\n\t\t\t\t<\/div>\n\t\t\t\t<div class=\"elementor-element elementor-element-3ec046d elementor-widget elementor-widget-elementskit-heading\" data-id=\"3ec046d\" data-element_type=\"widget\" data-e-type=\"widget\" data-settings=\"{&quot;ekit_we_effect_on&quot;:&quot;none&quot;}\" data-widget_type=\"elementskit-heading.default\">\n\t\t\t\t\t<div class=\"ekit-wid-con\" ><div class=\"ekit-heading elementskit-section-title-wraper text_left   ekit_heading_tablet-   ekit_heading_mobile-\"><h2 class=\"ekit-heading--title elementskit-section-title \">Hurtig Levering fra Lagre i EU og Storbritannien<\/h2><div class=\"ekit_heading_separetor_wraper ekit_heading_elementskit-border-divider ekit-dotted\"><div class=\"elementskit-border-divider ekit-dotted\"><\/div><\/div>\t\t\t\t<div class='ekit-heading__description'>\n\t\t\t\t\t<p>Vi opererer fra<strong> tre strategisk placerede lagre<\/strong> i Europa: <strong>Slovakiet, Spanien og Storbritannien<\/strong>. For at sikre hurtig og effektiv levering sender vi altid ordrer fra <strong>det lager, der ligger t\u00e6ttest p\u00e5 kundens adresse<\/strong>. Afh\u00e6ngigt af destinationslandet bruger vi<strong> p\u00e5lidelige lokale og internationale forsendelsespartnere<\/strong> for at garantere rettidig og sikker levering.  <\/p>\n\t\t\t\t<\/div>\n\t\t\t<\/div><\/div>\t\t\t\t<\/div>\n\t\t\t\t\t<\/div>\n\t\t\t\t<\/div>\n\t\t<div class=\"elementor-element elementor-element-ff980a8 e-grid e-con-boxed e-con e-child\" data-id=\"ff980a8\" data-element_type=\"container\" data-e-type=\"container\" data-settings=\"{&quot;ekit_has_onepagescroll_dot&quot;:&quot;yes&quot;}\">\n\t\t\t\t\t<div class=\"e-con-inner\">\n\t\t\t\t<div class=\"elementor-element elementor-element-35dc8fa elementor-position-top elementor-widget elementor-widget-image-box\" data-id=\"35dc8fa\" data-element_type=\"widget\" data-e-type=\"widget\" data-settings=\"{&quot;ekit_we_effect_on&quot;:&quot;none&quot;}\" data-widget_type=\"image-box.default\">\n\t\t\t\t\t<div class=\"elementor-image-box-wrapper\"><figure class=\"elementor-image-box-img\"><img decoding=\"async\" width=\"400\" height=\"400\" src=\"https:\/\/aromasentia.com\/wp-content\/uploads\/2025\/11\/icon-11.avif\" class=\"attachment-full size-full wp-image-667311\" alt=\"\" title=\"\" srcset=\"https:\/\/aromasentia.com\/wp-content\/uploads\/2025\/11\/icon-11.avif 400w, https:\/\/aromasentia.com\/wp-content\/uploads\/2025\/11\/icon-11-300x300.jpg 300w, https:\/\/aromasentia.com\/wp-content\/uploads\/2025\/11\/icon-11-100x100.jpg 100w, https:\/\/aromasentia.com\/wp-content\/uploads\/2025\/11\/icon-11-150x150.jpg 150w\" sizes=\"(max-width: 400px) 100vw, 400px\" \/><\/figure><div class=\"elementor-image-box-content\"><h3 class=\"elementor-image-box-title\">Gratis Levering <\/h3><p class=\"elementor-image-box-description\">P\u00e5 ordrer over 60\u20ac*<\/p><\/div><\/div>\t\t\t\t<\/div>\n\t\t\t\t<div class=\"elementor-element elementor-element-9b17d8a elementor-position-top elementor-widget elementor-widget-image-box\" data-id=\"9b17d8a\" data-element_type=\"widget\" data-e-type=\"widget\" data-settings=\"{&quot;ekit_we_effect_on&quot;:&quot;none&quot;}\" data-widget_type=\"image-box.default\">\n\t\t\t\t\t<div class=\"elementor-image-box-wrapper\"><figure class=\"elementor-image-box-img\"><img decoding=\"async\" width=\"400\" height=\"400\" src=\"https:\/\/aromasentia.com\/wp-content\/uploads\/2025\/11\/icon-3.avif\" class=\"attachment-full size-full wp-image-667310\" alt=\"\" title=\"\" srcset=\"https:\/\/aromasentia.com\/wp-content\/uploads\/2025\/11\/icon-3.avif 400w, https:\/\/aromasentia.com\/wp-content\/uploads\/2025\/11\/icon-3-300x300.jpg 300w, https:\/\/aromasentia.com\/wp-content\/uploads\/2025\/11\/icon-3-100x100.jpg 100w, https:\/\/aromasentia.com\/wp-content\/uploads\/2025\/11\/icon-3-150x150.jpg 150w\" sizes=\"(max-width: 400px) 100vw, 400px\" \/><\/figure><div class=\"elementor-image-box-content\"><h3 class=\"elementor-image-box-title\">Hurtig levering <\/h3><p class=\"elementor-image-box-description\">Levering inden for 2-4 Arbejdsdage<\/p><\/div><\/div>\t\t\t\t<\/div>\n\t\t\t\t<div class=\"elementor-element elementor-element-945ad67 elementor-position-top elementor-widget elementor-widget-image-box\" data-id=\"945ad67\" data-element_type=\"widget\" data-e-type=\"widget\" data-settings=\"{&quot;ekit_we_effect_on&quot;:&quot;none&quot;}\" data-widget_type=\"image-box.default\">\n\t\t\t\t\t<div class=\"elementor-image-box-wrapper\"><figure class=\"elementor-image-box-img\"><img decoding=\"async\" width=\"400\" height=\"400\" src=\"https:\/\/aromasentia.com\/wp-content\/uploads\/2025\/11\/icon-21.avif\" class=\"attachment-full size-full wp-image-667312\" alt=\"\" title=\"\" srcset=\"https:\/\/aromasentia.com\/wp-content\/uploads\/2025\/11\/icon-21.avif 400w, https:\/\/aromasentia.com\/wp-content\/uploads\/2025\/11\/icon-21-300x300.jpg 300w, https:\/\/aromasentia.com\/wp-content\/uploads\/2025\/11\/icon-21-100x100.jpg 100w, https:\/\/aromasentia.com\/wp-content\/uploads\/2025\/11\/icon-21-150x150.jpg 150w\" sizes=\"(max-width: 400px) 100vw, 400px\" \/><\/figure><div class=\"elementor-image-box-content\"><h3 class=\"elementor-image-box-title\">Sikre betalinger<\/h3><p class=\"elementor-image-box-description\">Med p\u00e5lidelige Betalingsmuligheder<\/p><\/div><\/div>\t\t\t\t<\/div>\n\t\t\t\t<div class=\"elementor-element elementor-element-0aa2680 elementor-position-top elementor-widget elementor-widget-image-box\" data-id=\"0aa2680\" data-element_type=\"widget\" data-e-type=\"widget\" data-settings=\"{&quot;ekit_we_effect_on&quot;:&quot;none&quot;}\" data-widget_type=\"image-box.default\">\n\t\t\t\t\t<div class=\"elementor-image-box-wrapper\"><figure class=\"elementor-image-box-img\"><img decoding=\"async\" width=\"400\" height=\"400\" src=\"https:\/\/aromasentia.com\/wp-content\/uploads\/2025\/11\/icon-22.avif\" class=\"attachment-full size-full wp-image-667313\" alt=\"\" title=\"\" srcset=\"https:\/\/aromasentia.com\/wp-content\/uploads\/2025\/11\/icon-22.avif 400w, https:\/\/aromasentia.com\/wp-content\/uploads\/2025\/11\/icon-22-300x300.jpg 300w, https:\/\/aromasentia.com\/wp-content\/uploads\/2025\/11\/icon-22-100x100.jpg 100w, https:\/\/aromasentia.com\/wp-content\/uploads\/2025\/11\/icon-22-150x150.jpg 150w\" sizes=\"(max-width: 400px) 100vw, 400px\" \/><\/figure><div class=\"elementor-image-box-content\"><h3 class=\"elementor-image-box-title\">Hurtig Kundesupport<\/h3><p class=\"elementor-image-box-description\">Har du sp\u00f8rgsm\u00e5l, s\u00e5 send os en besked<\/p><\/div><\/div>\t\t\t\t<\/div>\n\t\t\t\t\t<\/div>\n\t\t\t\t<\/div>\n\t\t\t\t<\/div>\n\t\t","protected":false},"excerpt":{"rendered":"<p>Forsendelse og Levering Forsendelse og Levering Vi leverer hurtigt og p\u00e5lideligt i hele EU. Ordrer behandles typisk inden for 2-3 arbejdsdage og inkluderer sporing, n\u00e5r de er afsendt. Forsendelsesomkostningerne beregnes ved kassen baseret p\u00e5 din placering og den valgte leveringsmetode. Gratis forsendelse kan v\u00e6re tilg\u00e6ngelig p\u00e5 kvalificerende ordrer. Country Shipping Cost Free Shipping Delivery Time [&hellip;]<\/p>\n","protected":false},"author":1,"featured_media":0,"parent":0,"menu_order":0,"comment_status":"closed","ping_status":"closed","template":"","meta":{"footnotes":""},"class_list":["post-251180","page","type-page","status-publish","hentry"],"_links":{"self":[{"href":"https:\/\/aromasentia.com\/da\/wp-json\/wp\/v2\/pages\/251180","targetHints":{"allow":["GET"]}}],"collection":[{"href":"https:\/\/aromasentia.com\/da\/wp-json\/wp\/v2\/pages"}],"about":[{"href":"https:\/\/aromasentia.com\/da\/wp-json\/wp\/v2\/types\/page"}],"author":[{"embeddable":true,"href":"https:\/\/aromasentia.com\/da\/wp-json\/wp\/v2\/users\/1"}],"replies":[{"embeddable":true,"href":"https:\/\/aromasentia.com\/da\/wp-json\/wp\/v2\/comments?post=251180"}],"version-history":[{"count":0,"href":"https:\/\/aromasentia.com\/da\/wp-json\/wp\/v2\/pages\/251180\/revisions"}],"wp:attachment":[{"href":"https:\/\/aromasentia.com\/da\/wp-json\/wp\/v2\/media?parent=251180"}],"curies":[{"name":"wp","href":"https:\/\/api.w.org\/{rel}","templated":true}]}}